{"id":11735,"date":"2025-12-31T13:01:53","date_gmt":"2025-12-31T13:01:53","guid":{"rendered":"https:\/\/www.lacavedeslecteurs.com\/index.php\/product\/domaine-georges-vernay-blonde-du-seigneur\/"},"modified":"2026-02-13T15:36:38","modified_gmt":"2026-02-13T15:36:38","slug":"domaine-georges-vernay-blonde-du-seigneur","status":"publish","type":"product","link":"https:\/\/www.lacavedeslecteurs.com\/index.php\/product\/domaine-georges-vernay-blonde-du-seigneur\/","title":{"rendered":"Domaine Georges Vernay Blonde du Seigneur - 2020"},"content":{"rendered":"<p>L&rsquo;expression pure de la Syrah, en finesse, interpr\u00e9t\u00e9e par Vernay. Attaque ronde et tanins bien int\u00e9gr\u00e9s. L&rsquo;\u00e9motion garantie d&rsquo;ici dix ans.<\/p>\n","protected":false},"excerpt":{"rendered":"<p>L&rsquo;expression pure de la Syrah, en finesse, interpr\u00e9t\u00e9e par Vernay. Attaque ronde et tanins bien int\u00e9gr\u00e9s. L&rsquo;\u00e9motion garantie d&rsquo;ici dix ans.<\/p>\n","protected":false},"featured_media":16952,"comment_status":"open","ping_status":"closed","template":"","meta":[],"product_brand":[],"product_cat":[365,138,66,27],"product_tag":[],"class_list":{"0":"post-11735","1":"product","2":"type-product","3":"status-publish","4":"has-post-thumbnail","6":"product_cat-categorie","7":"product_cat-couleurs","8":"product_cat-rhone","9":"product_cat-rouge","11":"first","12":"instock","13":"sale","14":"taxable","15":"shipping-taxable","16":"purchasable","17":"product-type-simple"},"_links":{"self":[{"href":"https:\/\/www.lacavedeslecteurs.com\/index.php\/wp-json\/wp\/v2\/product\/11735","targetHints":{"allow":["GET"]}}],"collection":[{"href":"https:\/\/www.lacavedeslecteurs.com\/index.php\/wp-json\/wp\/v2\/product"}],"about":[{"href":"https:\/\/www.lacavedeslecteurs.com\/index.php\/wp-json\/wp\/v2\/types\/product"}],"replies":[{"embeddable":true,"href":"https:\/\/www.lacavedeslecteurs.com\/index.php\/wp-json\/wp\/v2\/comments?post=11735"}],"wp:featuredmedia":[{"embeddable":true,"href":"https:\/\/www.lacavedeslecteurs.com\/index.php\/wp-json\/wp\/v2\/media\/16952"}],"wp:attachment":[{"href":"https:\/\/www.lacavedeslecteurs.com\/index.php\/wp-json\/wp\/v2\/media?parent=11735"}],"wp:term":[{"taxonomy":"product_brand","embeddable":true,"href":"https:\/\/www.lacavedeslecteurs.com\/index.php\/wp-json\/wp\/v2\/product_brand?post=11735"},{"taxonomy":"product_cat","embeddable":true,"href":"https:\/\/www.lacavedeslecteurs.com\/index.php\/wp-json\/wp\/v2\/product_cat?post=11735"},{"taxonomy":"product_tag","embeddable":true,"href":"https:\/\/www.lacavedeslecteurs.com\/index.php\/wp-json\/wp\/v2\/product_tag?post=11735"}],"curies":[{"name":"wp","href":"https:\/\/api.w.org\/{rel}","templated":true}]}}