{"id":11741,"date":"2025-12-31T13:01:57","date_gmt":"2025-12-31T13:01:57","guid":{"rendered":"https:\/\/www.lacavedeslecteurs.com\/index.php\/product\/grand-montmirail-cuvee-vieilles-vignes\/"},"modified":"2026-02-13T15:36:45","modified_gmt":"2026-02-13T15:36:45","slug":"grand-montmirail-cuvee-vieilles-vignes","status":"publish","type":"product","link":"https:\/\/www.lacavedeslecteurs.com\/index.php\/product\/grand-montmirail-cuvee-vieilles-vignes\/","title":{"rendered":"Grand Montmirail Cuv\u00e9e Vieilles Vignes - 2020"},"content":{"rendered":"<p>Intense aux ar\u00f4mes complexes de fruits rouges frais et d&rsquo;\u00e9pices. Joli fruit croquant et aussi de la finesse. Un beau vin de gastronomie, puissant et rac\u00e9 pour donner le change \u00e0 un met fort en go\u00fbt.<\/p>\n","protected":false},"excerpt":{"rendered":"<p>Intense aux ar\u00f4mes complexes de fruits rouges frais et d&rsquo;\u00e9pices. Joli fruit croquant et aussi de la finesse. Un beau vin de gastronomie, puissant et rac\u00e9 pour donner le change \u00e0 un met fort en go\u00fbt.<\/p>\n","protected":false},"featured_media":16955,"comment_status":"open","ping_status":"closed","template":"","meta":[],"product_brand":[],"product_cat":[365,138,66,27],"product_tag":[],"class_list":{"0":"post-11741","1":"product","2":"type-product","3":"status-publish","4":"has-post-thumbnail","6":"product_cat-categorie","7":"product_cat-couleurs","8":"product_cat-rhone","9":"product_cat-rouge","11":"first","12":"instock","13":"sale","14":"taxable","15":"shipping-taxable","16":"purchasable","17":"product-type-simple"},"_links":{"self":[{"href":"https:\/\/www.lacavedeslecteurs.com\/index.php\/wp-json\/wp\/v2\/product\/11741","targetHints":{"allow":["GET"]}}],"collection":[{"href":"https:\/\/www.lacavedeslecteurs.com\/index.php\/wp-json\/wp\/v2\/product"}],"about":[{"href":"https:\/\/www.lacavedeslecteurs.com\/index.php\/wp-json\/wp\/v2\/types\/product"}],"replies":[{"embeddable":true,"href":"https:\/\/www.lacavedeslecteurs.com\/index.php\/wp-json\/wp\/v2\/comments?post=11741"}],"wp:featuredmedia":[{"embeddable":true,"href":"https:\/\/www.lacavedeslecteurs.com\/index.php\/wp-json\/wp\/v2\/media\/16955"}],"wp:attachment":[{"href":"https:\/\/www.lacavedeslecteurs.com\/index.php\/wp-json\/wp\/v2\/media?parent=11741"}],"wp:term":[{"taxonomy":"product_brand","embeddable":true,"href":"https:\/\/www.lacavedeslecteurs.com\/index.php\/wp-json\/wp\/v2\/product_brand?post=11741"},{"taxonomy":"product_cat","embeddable":true,"href":"https:\/\/www.lacavedeslecteurs.com\/index.php\/wp-json\/wp\/v2\/product_cat?post=11741"},{"taxonomy":"product_tag","embeddable":true,"href":"https:\/\/www.lacavedeslecteurs.com\/index.php\/wp-json\/wp\/v2\/product_tag?post=11741"}],"curies":[{"name":"wp","href":"https:\/\/api.w.org\/{rel}","templated":true}]}}