{"id":11743,"date":"2025-12-31T13:01:58","date_gmt":"2025-12-31T13:01:58","guid":{"rendered":"https:\/\/www.lacavedeslecteurs.com\/index.php\/product\/domaine-des-remizieres-cuvee-emilie\/"},"modified":"2026-02-13T15:36:46","modified_gmt":"2026-02-13T15:36:46","slug":"domaine-des-remizieres-cuvee-emilie","status":"publish","type":"product","link":"https:\/\/www.lacavedeslecteurs.com\/index.php\/product\/domaine-des-remizieres-cuvee-emilie\/","title":{"rendered":"Domaine des R\u00e9mizi\u00e8res Cuv\u00e9e \u00c9milie - 2019"},"content":{"rendered":"<p>Ce \u00ab\u00a0Grand Cru\u00a0\u00bb est un concentr\u00e9 charg\u00e9 d&rsquo;\u00e9pices. De couleur encre noir, le bouquet d\u00e9gage des ar\u00f4mes de r\u00e9glisse, d&rsquo;\u00e9pices \u00e0 p\u00e2tisserie, de cassis et d&rsquo;olives noires. Le vin se gardera \u00e0 merveille.<\/p>\n","protected":false},"excerpt":{"rendered":"<p>Ce \u00ab\u00a0Grand Cru\u00a0\u00bb est un concentr\u00e9 charg\u00e9 d&rsquo;\u00e9pices. De couleur encre noir, le bouquet d\u00e9gage des ar\u00f4mes de r\u00e9glisse, d&rsquo;\u00e9pices \u00e0 p\u00e2tisserie, de cassis et d&rsquo;olives noires. Le vin se gardera \u00e0 merveille.<\/p>\n","protected":false},"featured_media":16956,"comment_status":"open","ping_status":"closed","template":"","meta":[],"product_brand":[],"product_cat":[365,138,66,27],"product_tag":[],"class_list":{"0":"post-11743","1":"product","2":"type-product","3":"status-publish","4":"has-post-thumbnail","6":"product_cat-categorie","7":"product_cat-couleurs","8":"product_cat-rhone","9":"product_cat-rouge","11":"first","12":"instock","13":"sale","14":"taxable","15":"shipping-taxable","16":"purchasable","17":"product-type-simple"},"_links":{"self":[{"href":"https:\/\/www.lacavedeslecteurs.com\/index.php\/wp-json\/wp\/v2\/product\/11743","targetHints":{"allow":["GET"]}}],"collection":[{"href":"https:\/\/www.lacavedeslecteurs.com\/index.php\/wp-json\/wp\/v2\/product"}],"about":[{"href":"https:\/\/www.lacavedeslecteurs.com\/index.php\/wp-json\/wp\/v2\/types\/product"}],"replies":[{"embeddable":true,"href":"https:\/\/www.lacavedeslecteurs.com\/index.php\/wp-json\/wp\/v2\/comments?post=11743"}],"wp:featuredmedia":[{"embeddable":true,"href":"https:\/\/www.lacavedeslecteurs.com\/index.php\/wp-json\/wp\/v2\/media\/16956"}],"wp:attachment":[{"href":"https:\/\/www.lacavedeslecteurs.com\/index.php\/wp-json\/wp\/v2\/media?parent=11743"}],"wp:term":[{"taxonomy":"product_brand","embeddable":true,"href":"https:\/\/www.lacavedeslecteurs.com\/index.php\/wp-json\/wp\/v2\/product_brand?post=11743"},{"taxonomy":"product_cat","embeddable":true,"href":"https:\/\/www.lacavedeslecteurs.com\/index.php\/wp-json\/wp\/v2\/product_cat?post=11743"},{"taxonomy":"product_tag","embeddable":true,"href":"https:\/\/www.lacavedeslecteurs.com\/index.php\/wp-json\/wp\/v2\/product_tag?post=11743"}],"curies":[{"name":"wp","href":"https:\/\/api.w.org\/{rel}","templated":true}]}}