{"id":11744,"date":"2025-12-31T13:01:58","date_gmt":"2025-12-31T13:01:58","guid":{"rendered":"https:\/\/www.lacavedeslecteurs.com\/index.php\/product\/domaine-jerome-coursodon-silice\/"},"modified":"2026-02-13T15:36:47","modified_gmt":"2026-02-13T15:36:47","slug":"domaine-jerome-coursodon-silice","status":"publish","type":"product","link":"https:\/\/www.lacavedeslecteurs.com\/index.php\/product\/domaine-jerome-coursodon-silice\/","title":{"rendered":"Domaine J\u00e9r\u00f4me Coursodon Silice - 2021"},"content":{"rendered":"<p>Une bouche volumineuse, riche, suave et tr\u00e8s longue, \u00e9toff\u00e9e de tanins foisonnants et fins, finissant avec panache sur une note inattendue de graphite. Un authentique Saint-Joseph d&rsquo;ores et d\u00e9j\u00e0 d\u00e9licieux, et pour longtemps.<\/p>\n","protected":false},"excerpt":{"rendered":"<p>Une bouche volumineuse, riche, suave et tr\u00e8s longue, \u00e9toff\u00e9e de tanins foisonnants et fins, finissant avec panache sur une note inattendue de graphite. Un authentique Saint-Joseph d&rsquo;ores et d\u00e9j\u00e0 d\u00e9licieux, et pour longtemps.<\/p>\n","protected":false},"featured_media":16957,"comment_status":"open","ping_status":"closed","template":"","meta":[],"product_brand":[],"product_cat":[365,138,66,27],"product_tag":[],"class_list":{"0":"post-11744","1":"product","2":"type-product","3":"status-publish","4":"has-post-thumbnail","6":"product_cat-categorie","7":"product_cat-couleurs","8":"product_cat-rhone","9":"product_cat-rouge","11":"first","12":"instock","13":"sale","14":"taxable","15":"shipping-taxable","16":"purchasable","17":"product-type-simple"},"_links":{"self":[{"href":"https:\/\/www.lacavedeslecteurs.com\/index.php\/wp-json\/wp\/v2\/product\/11744","targetHints":{"allow":["GET"]}}],"collection":[{"href":"https:\/\/www.lacavedeslecteurs.com\/index.php\/wp-json\/wp\/v2\/product"}],"about":[{"href":"https:\/\/www.lacavedeslecteurs.com\/index.php\/wp-json\/wp\/v2\/types\/product"}],"replies":[{"embeddable":true,"href":"https:\/\/www.lacavedeslecteurs.com\/index.php\/wp-json\/wp\/v2\/comments?post=11744"}],"wp:featuredmedia":[{"embeddable":true,"href":"https:\/\/www.lacavedeslecteurs.com\/index.php\/wp-json\/wp\/v2\/media\/16957"}],"wp:attachment":[{"href":"https:\/\/www.lacavedeslecteurs.com\/index.php\/wp-json\/wp\/v2\/media?parent=11744"}],"wp:term":[{"taxonomy":"product_brand","embeddable":true,"href":"https:\/\/www.lacavedeslecteurs.com\/index.php\/wp-json\/wp\/v2\/product_brand?post=11744"},{"taxonomy":"product_cat","embeddable":true,"href":"https:\/\/www.lacavedeslecteurs.com\/index.php\/wp-json\/wp\/v2\/product_cat?post=11744"},{"taxonomy":"product_tag","embeddable":true,"href":"https:\/\/www.lacavedeslecteurs.com\/index.php\/wp-json\/wp\/v2\/product_tag?post=11744"}],"curies":[{"name":"wp","href":"https:\/\/api.w.org\/{rel}","templated":true}]}}