{"id":11746,"date":"2025-12-31T13:01:59","date_gmt":"2025-12-31T13:01:59","guid":{"rendered":"https:\/\/www.lacavedeslecteurs.com\/index.php\/product\/domaine-pierre-gaillard-syrah-terres-de-mandrin\/"},"modified":"2026-02-13T15:36:49","modified_gmt":"2026-02-13T15:36:49","slug":"domaine-pierre-gaillard-syrah-terres-de-mandrin","status":"publish","type":"product","link":"https:\/\/www.lacavedeslecteurs.com\/index.php\/product\/domaine-pierre-gaillard-syrah-terres-de-mandrin\/","title":{"rendered":"Domaine Pierre Gaillard Syrah Terres de Mandrin - 2019"},"content":{"rendered":"<p>Une Syrah travaill\u00e9e proche de l\u2019immense C\u00f4te R\u00f4tie. Un fruit, en souplesse et en finesse, pour une cuv\u00e9e de plaisir qui introduit l\u2019univers des vins du r\u00e9put\u00e9 domaine Gaillard.<\/p>\n","protected":false},"excerpt":{"rendered":"<p>Une Syrah travaill\u00e9e proche de l\u2019immense C\u00f4te R\u00f4tie. Un fruit, en souplesse et en finesse, pour une cuv\u00e9e de plaisir qui introduit l\u2019univers des vins du r\u00e9put\u00e9 domaine Gaillard.<\/p>\n","protected":false},"featured_media":16958,"comment_status":"open","ping_status":"closed","template":"","meta":[],"product_brand":[],"product_cat":[365,138,66,27],"product_tag":[],"class_list":{"0":"post-11746","1":"product","2":"type-product","3":"status-publish","4":"has-post-thumbnail","6":"product_cat-categorie","7":"product_cat-couleurs","8":"product_cat-rhone","9":"product_cat-rouge","11":"first","12":"instock","13":"sale","14":"taxable","15":"shipping-taxable","16":"purchasable","17":"product-type-simple"},"_links":{"self":[{"href":"https:\/\/www.lacavedeslecteurs.com\/index.php\/wp-json\/wp\/v2\/product\/11746","targetHints":{"allow":["GET"]}}],"collection":[{"href":"https:\/\/www.lacavedeslecteurs.com\/index.php\/wp-json\/wp\/v2\/product"}],"about":[{"href":"https:\/\/www.lacavedeslecteurs.com\/index.php\/wp-json\/wp\/v2\/types\/product"}],"replies":[{"embeddable":true,"href":"https:\/\/www.lacavedeslecteurs.com\/index.php\/wp-json\/wp\/v2\/comments?post=11746"}],"wp:featuredmedia":[{"embeddable":true,"href":"https:\/\/www.lacavedeslecteurs.com\/index.php\/wp-json\/wp\/v2\/media\/16958"}],"wp:attachment":[{"href":"https:\/\/www.lacavedeslecteurs.com\/index.php\/wp-json\/wp\/v2\/media?parent=11746"}],"wp:term":[{"taxonomy":"product_brand","embeddable":true,"href":"https:\/\/www.lacavedeslecteurs.com\/index.php\/wp-json\/wp\/v2\/product_brand?post=11746"},{"taxonomy":"product_cat","embeddable":true,"href":"https:\/\/www.lacavedeslecteurs.com\/index.php\/wp-json\/wp\/v2\/product_cat?post=11746"},{"taxonomy":"product_tag","embeddable":true,"href":"https:\/\/www.lacavedeslecteurs.com\/index.php\/wp-json\/wp\/v2\/product_tag?post=11746"}],"curies":[{"name":"wp","href":"https:\/\/api.w.org\/{rel}","templated":true}]}}