{"id":11750,"date":"2025-12-31T13:02:01","date_gmt":"2025-12-31T13:02:01","guid":{"rendered":"https:\/\/www.lacavedeslecteurs.com\/index.php\/product\/domaine-du-grand-montmirail\/"},"modified":"2026-02-13T15:38:27","modified_gmt":"2026-02-13T15:38:27","slug":"domaine-du-grand-montmirail","status":"publish","type":"product","link":"https:\/\/www.lacavedeslecteurs.com\/index.php\/product\/domaine-du-grand-montmirail\/","title":{"rendered":"Domaine du Grand Montmirail - 2021"},"content":{"rendered":"<p>Le domaine, est situ\u00e9 sur le versant sud des Dentelles de Montmirail, au pied m\u00eame de la roche. C\u2019est un cirque domin\u00e9 par des falaises granitiques, faisant face au Mont Ventoux et \u00e0 la plaine du Rh\u00f4ne. Les vignes y b\u00e9n\u00e9ficient d\u2019une exposition ensoleill\u00e9e et sont prot\u00e9g\u00e9es du Mistral. Les vins pr\u00e9sentent un bel \u00e9quilibre entre la structure tannique, le caract\u00e8re fruit\u00e9 et une acidit\u00e9 salvatrice.<\/p>\n","protected":false},"excerpt":{"rendered":"<p>Le domaine, est situ\u00e9 sur le versant sud des Dentelles de Montmirail, au pied m\u00eame de la roche. C\u2019est un cirque domin\u00e9 par des falaises granitiques, faisant face au Mont Ventoux et \u00e0 la plaine du Rh\u00f4ne. Les vignes y b\u00e9n\u00e9ficient d\u2019une exposition ensoleill\u00e9e et sont prot\u00e9g\u00e9es du Mistral. Les vins pr\u00e9sentent un bel \u00e9quilibre [&hellip;]<\/p>\n","protected":false},"featured_media":17009,"comment_status":"open","ping_status":"closed","template":"","meta":[],"product_brand":[],"product_cat":[365,138,66,27],"product_tag":[],"class_list":{"0":"post-11750","1":"product","2":"type-product","3":"status-publish","4":"has-post-thumbnail","6":"product_cat-categorie","7":"product_cat-couleurs","8":"product_cat-rhone","9":"product_cat-rouge","11":"first","12":"instock","13":"sale","14":"taxable","15":"shipping-taxable","16":"purchasable","17":"product-type-simple"},"_links":{"self":[{"href":"https:\/\/www.lacavedeslecteurs.com\/index.php\/wp-json\/wp\/v2\/product\/11750","targetHints":{"allow":["GET"]}}],"collection":[{"href":"https:\/\/www.lacavedeslecteurs.com\/index.php\/wp-json\/wp\/v2\/product"}],"about":[{"href":"https:\/\/www.lacavedeslecteurs.com\/index.php\/wp-json\/wp\/v2\/types\/product"}],"replies":[{"embeddable":true,"href":"https:\/\/www.lacavedeslecteurs.com\/index.php\/wp-json\/wp\/v2\/comments?post=11750"}],"wp:featuredmedia":[{"embeddable":true,"href":"https:\/\/www.lacavedeslecteurs.com\/index.php\/wp-json\/wp\/v2\/media\/17009"}],"wp:attachment":[{"href":"https:\/\/www.lacavedeslecteurs.com\/index.php\/wp-json\/wp\/v2\/media?parent=11750"}],"wp:term":[{"taxonomy":"product_brand","embeddable":true,"href":"https:\/\/www.lacavedeslecteurs.com\/index.php\/wp-json\/wp\/v2\/product_brand?post=11750"},{"taxonomy":"product_cat","embeddable":true,"href":"https:\/\/www.lacavedeslecteurs.com\/index.php\/wp-json\/wp\/v2\/product_cat?post=11750"},{"taxonomy":"product_tag","embeddable":true,"href":"https:\/\/www.lacavedeslecteurs.com\/index.php\/wp-json\/wp\/v2\/product_tag?post=11750"}],"curies":[{"name":"wp","href":"https:\/\/api.w.org\/{rel}","templated":true}]}}