{"id":11752,"date":"2025-12-31T13:02:01","date_gmt":"2025-12-31T13:02:01","guid":{"rendered":"https:\/\/www.lacavedeslecteurs.com\/index.php\/product\/maison-tardieu-laurent-les-becs-fins\/"},"modified":"2026-02-13T15:37:20","modified_gmt":"2026-02-13T15:37:20","slug":"maison-tardieu-laurent-les-becs-fins","status":"publish","type":"product","link":"https:\/\/www.lacavedeslecteurs.com\/index.php\/product\/maison-tardieu-laurent-les-becs-fins\/","title":{"rendered":"Maison Tardieu-Laurent Les Becs Fins - 2021"},"content":{"rendered":"<p>\u00ab Vinifi\u00e9 sans soufre, sans filtration. Le fruit reste intact, pur. Un joli vin de soif ! \u00bb par Michel Tardieu. Beaucoup de plaisir imm\u00e9diat \u00e0 la d\u00e9gustation.<\/p>\n","protected":false},"excerpt":{"rendered":"<p>\u00ab Vinifi\u00e9 sans soufre, sans filtration. Le fruit reste intact, pur. Un joli vin de soif ! \u00bb par Michel Tardieu. Beaucoup de plaisir imm\u00e9diat \u00e0 la d\u00e9gustation.<\/p>\n","protected":false},"featured_media":16974,"comment_status":"open","ping_status":"closed","template":"","meta":[],"product_brand":[],"product_cat":[365,138,66,27],"product_tag":[],"class_list":{"0":"post-11752","1":"product","2":"type-product","3":"status-publish","4":"has-post-thumbnail","6":"product_cat-categorie","7":"product_cat-couleurs","8":"product_cat-rhone","9":"product_cat-rouge","11":"first","12":"instock","13":"sale","14":"taxable","15":"shipping-taxable","16":"purchasable","17":"product-type-simple"},"_links":{"self":[{"href":"https:\/\/www.lacavedeslecteurs.com\/index.php\/wp-json\/wp\/v2\/product\/11752","targetHints":{"allow":["GET"]}}],"collection":[{"href":"https:\/\/www.lacavedeslecteurs.com\/index.php\/wp-json\/wp\/v2\/product"}],"about":[{"href":"https:\/\/www.lacavedeslecteurs.com\/index.php\/wp-json\/wp\/v2\/types\/product"}],"replies":[{"embeddable":true,"href":"https:\/\/www.lacavedeslecteurs.com\/index.php\/wp-json\/wp\/v2\/comments?post=11752"}],"wp:featuredmedia":[{"embeddable":true,"href":"https:\/\/www.lacavedeslecteurs.com\/index.php\/wp-json\/wp\/v2\/media\/16974"}],"wp:attachment":[{"href":"https:\/\/www.lacavedeslecteurs.com\/index.php\/wp-json\/wp\/v2\/media?parent=11752"}],"wp:term":[{"taxonomy":"product_brand","embeddable":true,"href":"https:\/\/www.lacavedeslecteurs.com\/index.php\/wp-json\/wp\/v2\/product_brand?post=11752"},{"taxonomy":"product_cat","embeddable":true,"href":"https:\/\/www.lacavedeslecteurs.com\/index.php\/wp-json\/wp\/v2\/product_cat?post=11752"},{"taxonomy":"product_tag","embeddable":true,"href":"https:\/\/www.lacavedeslecteurs.com\/index.php\/wp-json\/wp\/v2\/product_tag?post=11752"}],"curies":[{"name":"wp","href":"https:\/\/api.w.org\/{rel}","templated":true}]}}