{"id":11763,"date":"2025-12-31T13:02:05","date_gmt":"2025-12-31T13:02:05","guid":{"rendered":"https:\/\/www.lacavedeslecteurs.com\/index.php\/product\/clos-du-mont-olivet-vieilles-vignes\/"},"modified":"2026-02-13T15:37:32","modified_gmt":"2026-02-13T15:37:32","slug":"clos-du-mont-olivet-vieilles-vignes","status":"publish","type":"product","link":"https:\/\/www.lacavedeslecteurs.com\/index.php\/product\/clos-du-mont-olivet-vieilles-vignes\/","title":{"rendered":"Clos du Mont Olivet Vieilles Vignes - 2020"},"content":{"rendered":"<p>Le C\u00f4tes-du-Rh\u00f4ne est la cuv\u00e9e coup de c\u0153ur VINS + VINS produite avec une base de Grenache Noir 65% (\u00e2ge moyen 50 ans), qui lui conf\u00e8re un fruit noir dense et une belle profondeur. <\/p>\n","protected":false},"excerpt":{"rendered":"<p>Le C\u00f4tes-du-Rh\u00f4ne est la cuv\u00e9e coup de c\u0153ur VINS + VINS produite avec une base de Grenache Noir 65% (\u00e2ge moyen 50 ans), qui lui conf\u00e8re un fruit noir dense et une belle profondeur.<\/p>\n","protected":false},"featured_media":16980,"comment_status":"open","ping_status":"closed","template":"","meta":[],"product_brand":[],"product_cat":[365,138,66,27],"product_tag":[],"class_list":{"0":"post-11763","1":"product","2":"type-product","3":"status-publish","4":"has-post-thumbnail","6":"product_cat-categorie","7":"product_cat-couleurs","8":"product_cat-rhone","9":"product_cat-rouge","11":"first","12":"instock","13":"sale","14":"taxable","15":"shipping-taxable","16":"purchasable","17":"product-type-simple"},"_links":{"self":[{"href":"https:\/\/www.lacavedeslecteurs.com\/index.php\/wp-json\/wp\/v2\/product\/11763","targetHints":{"allow":["GET"]}}],"collection":[{"href":"https:\/\/www.lacavedeslecteurs.com\/index.php\/wp-json\/wp\/v2\/product"}],"about":[{"href":"https:\/\/www.lacavedeslecteurs.com\/index.php\/wp-json\/wp\/v2\/types\/product"}],"replies":[{"embeddable":true,"href":"https:\/\/www.lacavedeslecteurs.com\/index.php\/wp-json\/wp\/v2\/comments?post=11763"}],"wp:featuredmedia":[{"embeddable":true,"href":"https:\/\/www.lacavedeslecteurs.com\/index.php\/wp-json\/wp\/v2\/media\/16980"}],"wp:attachment":[{"href":"https:\/\/www.lacavedeslecteurs.com\/index.php\/wp-json\/wp\/v2\/media?parent=11763"}],"wp:term":[{"taxonomy":"product_brand","embeddable":true,"href":"https:\/\/www.lacavedeslecteurs.com\/index.php\/wp-json\/wp\/v2\/product_brand?post=11763"},{"taxonomy":"product_cat","embeddable":true,"href":"https:\/\/www.lacavedeslecteurs.com\/index.php\/wp-json\/wp\/v2\/product_cat?post=11763"},{"taxonomy":"product_tag","embeddable":true,"href":"https:\/\/www.lacavedeslecteurs.com\/index.php\/wp-json\/wp\/v2\/product_tag?post=11763"}],"curies":[{"name":"wp","href":"https:\/\/api.w.org\/{rel}","templated":true}]}}