{"id":11769,"date":"2025-12-31T13:02:08","date_gmt":"2025-12-31T13:02:08","guid":{"rendered":"https:\/\/www.lacavedeslecteurs.com\/index.php\/product\/mas-saint-louis-tradition\/"},"modified":"2026-02-13T15:37:37","modified_gmt":"2026-02-13T15:37:37","slug":"mas-saint-louis-tradition","status":"publish","type":"product","link":"https:\/\/www.lacavedeslecteurs.com\/index.php\/product\/mas-saint-louis-tradition\/","title":{"rendered":"Mas Saint-Louis Tradition - 2017"},"content":{"rendered":"<p>Cuv\u00e9e compos\u00e9e de Grenache, Mourv\u00e8dre, Syrah et Cinsault. Elevage en foudre et en cub\u00e9 b\u00e9ton pendant 12 mois. Nez intense \u00e0 dominante de griotte. La bouche offre de la fra\u00eecheur et des tannins fins. L\u2019ensemble est harmonieux et \u00e9quilibr\u00e9.<\/p>\n","protected":false},"excerpt":{"rendered":"<p>Cuv\u00e9e compos\u00e9e de Grenache, Mourv\u00e8dre, Syrah et Cinsault. Elevage en foudre et en cub\u00e9 b\u00e9ton pendant 12 mois. Nez intense \u00e0 dominante de griotte. La bouche offre de la fra\u00eecheur et des tannins fins. L\u2019ensemble est harmonieux et \u00e9quilibr\u00e9.<\/p>\n","protected":false},"featured_media":16983,"comment_status":"open","ping_status":"closed","template":"","meta":[],"product_brand":[],"product_cat":[365,138,66,27],"product_tag":[],"class_list":{"0":"post-11769","1":"product","2":"type-product","3":"status-publish","4":"has-post-thumbnail","6":"product_cat-categorie","7":"product_cat-couleurs","8":"product_cat-rhone","9":"product_cat-rouge","11":"first","12":"instock","13":"sale","14":"taxable","15":"shipping-taxable","16":"purchasable","17":"product-type-simple"},"_links":{"self":[{"href":"https:\/\/www.lacavedeslecteurs.com\/index.php\/wp-json\/wp\/v2\/product\/11769","targetHints":{"allow":["GET"]}}],"collection":[{"href":"https:\/\/www.lacavedeslecteurs.com\/index.php\/wp-json\/wp\/v2\/product"}],"about":[{"href":"https:\/\/www.lacavedeslecteurs.com\/index.php\/wp-json\/wp\/v2\/types\/product"}],"replies":[{"embeddable":true,"href":"https:\/\/www.lacavedeslecteurs.com\/index.php\/wp-json\/wp\/v2\/comments?post=11769"}],"wp:featuredmedia":[{"embeddable":true,"href":"https:\/\/www.lacavedeslecteurs.com\/index.php\/wp-json\/wp\/v2\/media\/16983"}],"wp:attachment":[{"href":"https:\/\/www.lacavedeslecteurs.com\/index.php\/wp-json\/wp\/v2\/media?parent=11769"}],"wp:term":[{"taxonomy":"product_brand","embeddable":true,"href":"https:\/\/www.lacavedeslecteurs.com\/index.php\/wp-json\/wp\/v2\/product_brand?post=11769"},{"taxonomy":"product_cat","embeddable":true,"href":"https:\/\/www.lacavedeslecteurs.com\/index.php\/wp-json\/wp\/v2\/product_cat?post=11769"},{"taxonomy":"product_tag","embeddable":true,"href":"https:\/\/www.lacavedeslecteurs.com\/index.php\/wp-json\/wp\/v2\/product_tag?post=11769"}],"curies":[{"name":"wp","href":"https:\/\/api.w.org\/{rel}","templated":true}]}}