{"id":11776,"date":"2025-12-31T13:02:10","date_gmt":"2025-12-31T13:02:10","guid":{"rendered":"https:\/\/www.lacavedeslecteurs.com\/index.php\/product\/domaine-stephane-montez-chanson\/"},"modified":"2026-02-13T15:37:45","modified_gmt":"2026-02-13T15:37:45","slug":"domaine-stephane-montez-chanson","status":"publish","type":"product","link":"https:\/\/www.lacavedeslecteurs.com\/index.php\/product\/domaine-stephane-montez-chanson\/","title":{"rendered":"Domaine St\u00e9phane Montez Chanson - 2019"},"content":{"rendered":"<p>Depuis 1741, les anc\u00eatres de la famille Montez ont acquis, parcelle apr\u00e8s parcelle, le Domaine du Monteillet. Ces 9 g\u00e9n\u00e9rations successives ont transmis \u00e0 St\u00e9phane Montez une expertise hors du commun. Il continue \u00e0 affiner chaque d\u00e9tail et met \u00e0 profit ses deux ann\u00e9es de travail dans diff\u00e9rents vignobles du monde pour produire des cuv\u00e9es d&rsquo;une qualit\u00e9 rare. Un domaine \u00e0 conna\u00eetre imp\u00e9rativement !<\/p>\n","protected":false},"excerpt":{"rendered":"<p>Depuis 1741, les anc\u00eatres de la famille Montez ont acquis, parcelle apr\u00e8s parcelle, le Domaine du Monteillet. Ces 9 g\u00e9n\u00e9rations successives ont transmis \u00e0 St\u00e9phane Montez une expertise hors du commun. Il continue \u00e0 affiner chaque d\u00e9tail et met \u00e0 profit ses deux ann\u00e9es de travail dans diff\u00e9rents vignobles du monde pour produire des cuv\u00e9es [&hellip;]<\/p>\n","protected":false},"featured_media":16987,"comment_status":"open","ping_status":"closed","template":"","meta":[],"product_brand":[],"product_cat":[41,365,138,66],"product_tag":[],"class_list":{"0":"post-11776","1":"product","2":"type-product","3":"status-publish","4":"has-post-thumbnail","6":"product_cat-blanc","7":"product_cat-categorie","8":"product_cat-couleurs","9":"product_cat-rhone","11":"first","12":"instock","13":"sale","14":"taxable","15":"shipping-taxable","16":"purchasable","17":"product-type-simple"},"_links":{"self":[{"href":"https:\/\/www.lacavedeslecteurs.com\/index.php\/wp-json\/wp\/v2\/product\/11776","targetHints":{"allow":["GET"]}}],"collection":[{"href":"https:\/\/www.lacavedeslecteurs.com\/index.php\/wp-json\/wp\/v2\/product"}],"about":[{"href":"https:\/\/www.lacavedeslecteurs.com\/index.php\/wp-json\/wp\/v2\/types\/product"}],"replies":[{"embeddable":true,"href":"https:\/\/www.lacavedeslecteurs.com\/index.php\/wp-json\/wp\/v2\/comments?post=11776"}],"wp:featuredmedia":[{"embeddable":true,"href":"https:\/\/www.lacavedeslecteurs.com\/index.php\/wp-json\/wp\/v2\/media\/16987"}],"wp:attachment":[{"href":"https:\/\/www.lacavedeslecteurs.com\/index.php\/wp-json\/wp\/v2\/media?parent=11776"}],"wp:term":[{"taxonomy":"product_brand","embeddable":true,"href":"https:\/\/www.lacavedeslecteurs.com\/index.php\/wp-json\/wp\/v2\/product_brand?post=11776"},{"taxonomy":"product_cat","embeddable":true,"href":"https:\/\/www.lacavedeslecteurs.com\/index.php\/wp-json\/wp\/v2\/product_cat?post=11776"},{"taxonomy":"product_tag","embeddable":true,"href":"https:\/\/www.lacavedeslecteurs.com\/index.php\/wp-json\/wp\/v2\/product_tag?post=11776"}],"curies":[{"name":"wp","href":"https:\/\/api.w.org\/{rel}","templated":true}]}}