{"id":11780,"date":"2025-12-31T13:02:11","date_gmt":"2025-12-31T13:02:11","guid":{"rendered":"https:\/\/www.lacavedeslecteurs.com\/index.php\/product\/domaine-lombard-brezeme\/"},"modified":"2026-02-13T15:37:49","modified_gmt":"2026-02-13T15:37:49","slug":"domaine-lombard-brezeme","status":"publish","type":"product","link":"https:\/\/www.lacavedeslecteurs.com\/index.php\/product\/domaine-lombard-brezeme\/","title":{"rendered":"Domaine Lombard Br\u00e9z\u00e8me - 2014"},"content":{"rendered":"<p>1000 bouteilles par an. Non \u00e9lev\u00e9 en barrique. Vin plein et dense, tout en volupt\u00e9 et en fruit, qui a besoin d&rsquo;une bonne heure de carafe. Tout le talent de ce grand domaine de Br\u00e9z\u00e8me au service de ce grand terroir de Cornas.<\/p>\n","protected":false},"excerpt":{"rendered":"<p>1000 bouteilles par an. Non \u00e9lev\u00e9 en barrique. Vin plein et dense, tout en volupt\u00e9 et en fruit, qui a besoin d&rsquo;une bonne heure de carafe. Tout le talent de ce grand domaine de Br\u00e9z\u00e8me au service de ce grand terroir de Cornas.<\/p>\n","protected":false},"featured_media":16989,"comment_status":"open","ping_status":"closed","template":"","meta":[],"product_brand":[],"product_cat":[365,138,66,27],"product_tag":[],"class_list":{"0":"post-11780","1":"product","2":"type-product","3":"status-publish","4":"has-post-thumbnail","6":"product_cat-categorie","7":"product_cat-couleurs","8":"product_cat-rhone","9":"product_cat-rouge","11":"first","12":"instock","13":"sale","14":"taxable","15":"shipping-taxable","16":"purchasable","17":"product-type-simple"},"_links":{"self":[{"href":"https:\/\/www.lacavedeslecteurs.com\/index.php\/wp-json\/wp\/v2\/product\/11780","targetHints":{"allow":["GET"]}}],"collection":[{"href":"https:\/\/www.lacavedeslecteurs.com\/index.php\/wp-json\/wp\/v2\/product"}],"about":[{"href":"https:\/\/www.lacavedeslecteurs.com\/index.php\/wp-json\/wp\/v2\/types\/product"}],"replies":[{"embeddable":true,"href":"https:\/\/www.lacavedeslecteurs.com\/index.php\/wp-json\/wp\/v2\/comments?post=11780"}],"wp:featuredmedia":[{"embeddable":true,"href":"https:\/\/www.lacavedeslecteurs.com\/index.php\/wp-json\/wp\/v2\/media\/16989"}],"wp:attachment":[{"href":"https:\/\/www.lacavedeslecteurs.com\/index.php\/wp-json\/wp\/v2\/media?parent=11780"}],"wp:term":[{"taxonomy":"product_brand","embeddable":true,"href":"https:\/\/www.lacavedeslecteurs.com\/index.php\/wp-json\/wp\/v2\/product_brand?post=11780"},{"taxonomy":"product_cat","embeddable":true,"href":"https:\/\/www.lacavedeslecteurs.com\/index.php\/wp-json\/wp\/v2\/product_cat?post=11780"},{"taxonomy":"product_tag","embeddable":true,"href":"https:\/\/www.lacavedeslecteurs.com\/index.php\/wp-json\/wp\/v2\/product_tag?post=11780"}],"curies":[{"name":"wp","href":"https:\/\/api.w.org\/{rel}","templated":true}]}}