{"id":11788,"date":"2025-12-31T13:02:15","date_gmt":"2025-12-31T13:02:15","guid":{"rendered":"https:\/\/www.lacavedeslecteurs.com\/index.php\/product\/domaine-jean-luc-colombo-les-terres-brulees-bio\/"},"modified":"2026-02-13T15:37:56","modified_gmt":"2026-02-13T15:37:56","slug":"domaine-jean-luc-colombo-les-terres-brulees-bio","status":"publish","type":"product","link":"https:\/\/www.lacavedeslecteurs.com\/index.php\/product\/domaine-jean-luc-colombo-les-terres-brulees-bio\/","title":{"rendered":"Domaine Jean-Luc Colombo Les Terres Brul\u00e9es BIO - 2020"},"content":{"rendered":"<p>Sa robe superbe s\u2019ouvre sur un beau rouge profond. Le nez puissant, distille des notes de pierre \u00e0 fusil, de fruits noirs, de r\u00e9glisse ou de garrigue. Concentr\u00e9e et harmonieuse, la bouche oscille entre structure et gras et termine sur des tanins soyeux.<\/p>\n","protected":false},"excerpt":{"rendered":"<p>Sa robe superbe s\u2019ouvre sur un beau rouge profond. Le nez puissant, distille des notes de pierre \u00e0 fusil, de fruits noirs, de r\u00e9glisse ou de garrigue. Concentr\u00e9e et harmonieuse, la bouche oscille entre structure et gras et termine sur des tanins soyeux.<\/p>\n","protected":false},"featured_media":16993,"comment_status":"open","ping_status":"closed","template":"","meta":[],"product_brand":[],"product_cat":[365,138,66,27],"product_tag":[],"class_list":{"0":"post-11788","1":"product","2":"type-product","3":"status-publish","4":"has-post-thumbnail","6":"product_cat-categorie","7":"product_cat-couleurs","8":"product_cat-rhone","9":"product_cat-rouge","11":"first","12":"instock","13":"sale","14":"taxable","15":"shipping-taxable","16":"purchasable","17":"product-type-simple"},"_links":{"self":[{"href":"https:\/\/www.lacavedeslecteurs.com\/index.php\/wp-json\/wp\/v2\/product\/11788","targetHints":{"allow":["GET"]}}],"collection":[{"href":"https:\/\/www.lacavedeslecteurs.com\/index.php\/wp-json\/wp\/v2\/product"}],"about":[{"href":"https:\/\/www.lacavedeslecteurs.com\/index.php\/wp-json\/wp\/v2\/types\/product"}],"replies":[{"embeddable":true,"href":"https:\/\/www.lacavedeslecteurs.com\/index.php\/wp-json\/wp\/v2\/comments?post=11788"}],"wp:featuredmedia":[{"embeddable":true,"href":"https:\/\/www.lacavedeslecteurs.com\/index.php\/wp-json\/wp\/v2\/media\/16993"}],"wp:attachment":[{"href":"https:\/\/www.lacavedeslecteurs.com\/index.php\/wp-json\/wp\/v2\/media?parent=11788"}],"wp:term":[{"taxonomy":"product_brand","embeddable":true,"href":"https:\/\/www.lacavedeslecteurs.com\/index.php\/wp-json\/wp\/v2\/product_brand?post=11788"},{"taxonomy":"product_cat","embeddable":true,"href":"https:\/\/www.lacavedeslecteurs.com\/index.php\/wp-json\/wp\/v2\/product_cat?post=11788"},{"taxonomy":"product_tag","embeddable":true,"href":"https:\/\/www.lacavedeslecteurs.com\/index.php\/wp-json\/wp\/v2\/product_tag?post=11788"}],"curies":[{"name":"wp","href":"https:\/\/api.w.org\/{rel}","templated":true}]}}