{"id":11790,"date":"2025-12-31T13:02:15","date_gmt":"2025-12-31T13:02:15","guid":{"rendered":"https:\/\/www.lacavedeslecteurs.com\/index.php\/product\/domaine-chambeyron-langeline\/"},"modified":"2026-02-13T15:37:58","modified_gmt":"2026-02-13T15:37:58","slug":"domaine-chambeyron-langeline","status":"publish","type":"product","link":"https:\/\/www.lacavedeslecteurs.com\/index.php\/product\/domaine-chambeyron-langeline\/","title":{"rendered":"Domaine Chambeyron L&rsquo;Angeline - 2018"},"content":{"rendered":"<p>Cet excellent domaine familial voit ses bouteilles encens\u00e9es par la presse et mises sur le march\u00e9 des ench\u00e8res. C&rsquo;est dire le succ\u00e8s de ce domaine discret qui mill\u00e9sime apr\u00e8s mill\u00e9sime, r\u00e9gale par ses vins min\u00e9raux et fruit\u00e9s, assorti d&rsquo;un beau panel d&rsquo;ar\u00f4mes sous-jacents. La bouche est de belle d\u00e9finition, avec des tanins soyeux et surtout un \u00e9quilibre pr\u00eat pour une belle garde.<\/p>\n","protected":false},"excerpt":{"rendered":"<p>Cet excellent domaine familial voit ses bouteilles encens\u00e9es par la presse et mises sur le march\u00e9 des ench\u00e8res. C&rsquo;est dire le succ\u00e8s de ce domaine discret qui mill\u00e9sime apr\u00e8s mill\u00e9sime, r\u00e9gale par ses vins min\u00e9raux et fruit\u00e9s, assorti d&rsquo;un beau panel d&rsquo;ar\u00f4mes sous-jacents. La bouche est de belle d\u00e9finition, avec des tanins soyeux et surtout [&hellip;]<\/p>\n","protected":false},"featured_media":16994,"comment_status":"open","ping_status":"closed","template":"","meta":[],"product_brand":[],"product_cat":[365,138,66,27],"product_tag":[],"class_list":{"0":"post-11790","1":"product","2":"type-product","3":"status-publish","4":"has-post-thumbnail","6":"product_cat-categorie","7":"product_cat-couleurs","8":"product_cat-rhone","9":"product_cat-rouge","11":"first","12":"instock","13":"sale","14":"taxable","15":"shipping-taxable","16":"purchasable","17":"product-type-simple"},"_links":{"self":[{"href":"https:\/\/www.lacavedeslecteurs.com\/index.php\/wp-json\/wp\/v2\/product\/11790","targetHints":{"allow":["GET"]}}],"collection":[{"href":"https:\/\/www.lacavedeslecteurs.com\/index.php\/wp-json\/wp\/v2\/product"}],"about":[{"href":"https:\/\/www.lacavedeslecteurs.com\/index.php\/wp-json\/wp\/v2\/types\/product"}],"replies":[{"embeddable":true,"href":"https:\/\/www.lacavedeslecteurs.com\/index.php\/wp-json\/wp\/v2\/comments?post=11790"}],"wp:featuredmedia":[{"embeddable":true,"href":"https:\/\/www.lacavedeslecteurs.com\/index.php\/wp-json\/wp\/v2\/media\/16994"}],"wp:attachment":[{"href":"https:\/\/www.lacavedeslecteurs.com\/index.php\/wp-json\/wp\/v2\/media?parent=11790"}],"wp:term":[{"taxonomy":"product_brand","embeddable":true,"href":"https:\/\/www.lacavedeslecteurs.com\/index.php\/wp-json\/wp\/v2\/product_brand?post=11790"},{"taxonomy":"product_cat","embeddable":true,"href":"https:\/\/www.lacavedeslecteurs.com\/index.php\/wp-json\/wp\/v2\/product_cat?post=11790"},{"taxonomy":"product_tag","embeddable":true,"href":"https:\/\/www.lacavedeslecteurs.com\/index.php\/wp-json\/wp\/v2\/product_tag?post=11790"}],"curies":[{"name":"wp","href":"https:\/\/api.w.org\/{rel}","templated":true}]}}