{"id":11793,"date":"2025-12-31T13:02:17","date_gmt":"2025-12-31T13:02:17","guid":{"rendered":"https:\/\/www.lacavedeslecteurs.com\/index.php\/product\/domaine-yves-lafoy-cote-blonde\/"},"modified":"2026-02-13T15:38:03","modified_gmt":"2026-02-13T15:38:03","slug":"domaine-yves-lafoy-cote-blonde","status":"publish","type":"product","link":"https:\/\/www.lacavedeslecteurs.com\/index.php\/product\/domaine-yves-lafoy-cote-blonde\/","title":{"rendered":"Domaine Yves Lafoy C\u00f4te Blonde - 2018"},"content":{"rendered":"<p>La \u00ab C\u00f4te Blonde \u00bb se d\u00e9voile sur un profil fin et \u00e9l\u00e9gant, les fruits frais (m\u00fbr, prune, myrtille) se conjuguant \u00e0 merveille \u00e0 des notes \u00e9pic\u00e9es et florales. Un vin qui s&rsquo;\u00e9panouira dans les 15 ans!<\/p>\n","protected":false},"excerpt":{"rendered":"<p>La \u00ab C\u00f4te Blonde \u00bb se d\u00e9voile sur un profil fin et \u00e9l\u00e9gant, les fruits frais (m\u00fbr, prune, myrtille) se conjuguant \u00e0 merveille \u00e0 des notes \u00e9pic\u00e9es et florales. Un vin qui s&rsquo;\u00e9panouira dans les 15 ans!<\/p>\n","protected":false},"featured_media":16996,"comment_status":"open","ping_status":"closed","template":"","meta":[],"product_brand":[],"product_cat":[365,138,66,27],"product_tag":[],"class_list":{"0":"post-11793","1":"product","2":"type-product","3":"status-publish","4":"has-post-thumbnail","6":"product_cat-categorie","7":"product_cat-couleurs","8":"product_cat-rhone","9":"product_cat-rouge","11":"first","12":"instock","13":"sale","14":"taxable","15":"shipping-taxable","16":"purchasable","17":"product-type-simple"},"_links":{"self":[{"href":"https:\/\/www.lacavedeslecteurs.com\/index.php\/wp-json\/wp\/v2\/product\/11793","targetHints":{"allow":["GET"]}}],"collection":[{"href":"https:\/\/www.lacavedeslecteurs.com\/index.php\/wp-json\/wp\/v2\/product"}],"about":[{"href":"https:\/\/www.lacavedeslecteurs.com\/index.php\/wp-json\/wp\/v2\/types\/product"}],"replies":[{"embeddable":true,"href":"https:\/\/www.lacavedeslecteurs.com\/index.php\/wp-json\/wp\/v2\/comments?post=11793"}],"wp:featuredmedia":[{"embeddable":true,"href":"https:\/\/www.lacavedeslecteurs.com\/index.php\/wp-json\/wp\/v2\/media\/16996"}],"wp:attachment":[{"href":"https:\/\/www.lacavedeslecteurs.com\/index.php\/wp-json\/wp\/v2\/media?parent=11793"}],"wp:term":[{"taxonomy":"product_brand","embeddable":true,"href":"https:\/\/www.lacavedeslecteurs.com\/index.php\/wp-json\/wp\/v2\/product_brand?post=11793"},{"taxonomy":"product_cat","embeddable":true,"href":"https:\/\/www.lacavedeslecteurs.com\/index.php\/wp-json\/wp\/v2\/product_cat?post=11793"},{"taxonomy":"product_tag","embeddable":true,"href":"https:\/\/www.lacavedeslecteurs.com\/index.php\/wp-json\/wp\/v2\/product_tag?post=11793"}],"curies":[{"name":"wp","href":"https:\/\/api.w.org\/{rel}","templated":true}]}}