{"id":11797,"date":"2025-12-31T13:02:18","date_gmt":"2025-12-31T13:02:18","guid":{"rendered":"https:\/\/www.lacavedeslecteurs.com\/index.php\/product\/domaine-yves-cuilleron-madiniere\/"},"modified":"2026-02-13T15:38:06","modified_gmt":"2026-02-13T15:38:06","slug":"domaine-yves-cuilleron-madiniere","status":"publish","type":"product","link":"https:\/\/www.lacavedeslecteurs.com\/index.php\/product\/domaine-yves-cuilleron-madiniere\/","title":{"rendered":"Domaine Yves Cuilleron Madini\u00e8re - 2020"},"content":{"rendered":"<p>Nez croquant sur les fruits m\u00fbrs, marqu\u00e9s sur la cerise et la framboise de la syrah. Belle fra\u00eecheur o\u00f9 se m\u00ealent ar\u00f4mes frais et tanins soyeux. Un St Jo structur\u00e9 avec un bon potentiel de garde.<\/p>\n","protected":false},"excerpt":{"rendered":"<p>Nez croquant sur les fruits m\u00fbrs, marqu\u00e9s sur la cerise et la framboise de la syrah. Belle fra\u00eecheur o\u00f9 se m\u00ealent ar\u00f4mes frais et tanins soyeux. Un St Jo structur\u00e9 avec un bon potentiel de garde.<\/p>\n","protected":false},"featured_media":16998,"comment_status":"open","ping_status":"closed","template":"","meta":[],"product_brand":[],"product_cat":[365,138,66,27],"product_tag":[],"class_list":{"0":"post-11797","1":"product","2":"type-product","3":"status-publish","4":"has-post-thumbnail","6":"product_cat-categorie","7":"product_cat-couleurs","8":"product_cat-rhone","9":"product_cat-rouge","11":"first","12":"instock","13":"sale","14":"taxable","15":"shipping-taxable","16":"purchasable","17":"product-type-simple"},"_links":{"self":[{"href":"https:\/\/www.lacavedeslecteurs.com\/index.php\/wp-json\/wp\/v2\/product\/11797","targetHints":{"allow":["GET"]}}],"collection":[{"href":"https:\/\/www.lacavedeslecteurs.com\/index.php\/wp-json\/wp\/v2\/product"}],"about":[{"href":"https:\/\/www.lacavedeslecteurs.com\/index.php\/wp-json\/wp\/v2\/types\/product"}],"replies":[{"embeddable":true,"href":"https:\/\/www.lacavedeslecteurs.com\/index.php\/wp-json\/wp\/v2\/comments?post=11797"}],"wp:featuredmedia":[{"embeddable":true,"href":"https:\/\/www.lacavedeslecteurs.com\/index.php\/wp-json\/wp\/v2\/media\/16998"}],"wp:attachment":[{"href":"https:\/\/www.lacavedeslecteurs.com\/index.php\/wp-json\/wp\/v2\/media?parent=11797"}],"wp:term":[{"taxonomy":"product_brand","embeddable":true,"href":"https:\/\/www.lacavedeslecteurs.com\/index.php\/wp-json\/wp\/v2\/product_brand?post=11797"},{"taxonomy":"product_cat","embeddable":true,"href":"https:\/\/www.lacavedeslecteurs.com\/index.php\/wp-json\/wp\/v2\/product_cat?post=11797"},{"taxonomy":"product_tag","embeddable":true,"href":"https:\/\/www.lacavedeslecteurs.com\/index.php\/wp-json\/wp\/v2\/product_tag?post=11797"}],"curies":[{"name":"wp","href":"https:\/\/api.w.org\/{rel}","templated":true}]}}