{"id":11799,"date":"2025-12-31T13:02:18","date_gmt":"2025-12-31T13:02:18","guid":{"rendered":"https:\/\/www.lacavedeslecteurs.com\/index.php\/product\/terrasse-du-diable-vignobles-brunier-les-pallieres\/"},"modified":"2026-02-13T15:38:08","modified_gmt":"2026-02-13T15:38:08","slug":"terrasse-du-diable-vignobles-brunier-les-pallieres","status":"publish","type":"product","link":"https:\/\/www.lacavedeslecteurs.com\/index.php\/product\/terrasse-du-diable-vignobles-brunier-les-pallieres\/","title":{"rendered":"Terrasse du Diable Vignobles Brunier Les Palli\u00e8res - 2019"},"content":{"rendered":"<p>La magie d&rsquo;une exposition nord-ouest, d&rsquo;un sol complexe et de vieilles vignes. Concentr\u00e9, avec des tanins fermes mais int\u00e9gr\u00e9s. Besoin d&rsquo;une heure en carafe.<\/p>\n","protected":false},"excerpt":{"rendered":"<p>La magie d&rsquo;une exposition nord-ouest, d&rsquo;un sol complexe et de vieilles vignes. Concentr\u00e9, avec des tanins fermes mais int\u00e9gr\u00e9s. Besoin d&rsquo;une heure en carafe.<\/p>\n","protected":false},"featured_media":16999,"comment_status":"open","ping_status":"closed","template":"","meta":[],"product_brand":[],"product_cat":[365,138,66,27],"product_tag":[],"class_list":{"0":"post-11799","1":"product","2":"type-product","3":"status-publish","4":"has-post-thumbnail","6":"product_cat-categorie","7":"product_cat-couleurs","8":"product_cat-rhone","9":"product_cat-rouge","11":"first","12":"instock","13":"sale","14":"taxable","15":"shipping-taxable","16":"purchasable","17":"product-type-simple"},"_links":{"self":[{"href":"https:\/\/www.lacavedeslecteurs.com\/index.php\/wp-json\/wp\/v2\/product\/11799","targetHints":{"allow":["GET"]}}],"collection":[{"href":"https:\/\/www.lacavedeslecteurs.com\/index.php\/wp-json\/wp\/v2\/product"}],"about":[{"href":"https:\/\/www.lacavedeslecteurs.com\/index.php\/wp-json\/wp\/v2\/types\/product"}],"replies":[{"embeddable":true,"href":"https:\/\/www.lacavedeslecteurs.com\/index.php\/wp-json\/wp\/v2\/comments?post=11799"}],"wp:featuredmedia":[{"embeddable":true,"href":"https:\/\/www.lacavedeslecteurs.com\/index.php\/wp-json\/wp\/v2\/media\/16999"}],"wp:attachment":[{"href":"https:\/\/www.lacavedeslecteurs.com\/index.php\/wp-json\/wp\/v2\/media?parent=11799"}],"wp:term":[{"taxonomy":"product_brand","embeddable":true,"href":"https:\/\/www.lacavedeslecteurs.com\/index.php\/wp-json\/wp\/v2\/product_brand?post=11799"},{"taxonomy":"product_cat","embeddable":true,"href":"https:\/\/www.lacavedeslecteurs.com\/index.php\/wp-json\/wp\/v2\/product_cat?post=11799"},{"taxonomy":"product_tag","embeddable":true,"href":"https:\/\/www.lacavedeslecteurs.com\/index.php\/wp-json\/wp\/v2\/product_tag?post=11799"}],"curies":[{"name":"wp","href":"https:\/\/api.w.org\/{rel}","templated":true}]}}