{"id":11806,"date":"2025-12-31T13:02:22","date_gmt":"2025-12-31T13:02:22","guid":{"rendered":"https:\/\/www.lacavedeslecteurs.com\/index.php\/product\/domaine-du-clos-de-sixte-alain-jaume\/"},"modified":"2026-02-13T15:38:18","modified_gmt":"2026-02-13T15:38:18","slug":"domaine-du-clos-de-sixte-alain-jaume","status":"publish","type":"product","link":"https:\/\/www.lacavedeslecteurs.com\/index.php\/product\/domaine-du-clos-de-sixte-alain-jaume\/","title":{"rendered":"Domaine du Clos de Sixte &#8211; Alain Jaume - 2018"},"content":{"rendered":"<p>Yves Cheron poss\u00e8de cinq domaines familiaux dont ces 3 domaines en sud Rh\u00f4ne. Les rendements limit\u00e9s, les soins minutieux apport\u00e9s au vignoble. Tout concourt \u00e0 vous offrir pour chacun de ses vins, la meilleure personnalit\u00e9 des terroirs, la finesse des ar\u00f4mes, l\u2019\u00e9l\u00e9gance de la structure, la pl\u00e9nitude des plus fins composants du vins. <\/p>\n","protected":false},"excerpt":{"rendered":"<p>Yves Cheron poss\u00e8de cinq domaines familiaux dont ces 3 domaines en sud Rh\u00f4ne. Les rendements limit\u00e9s, les soins minutieux apport\u00e9s au vignoble. Tout concourt \u00e0 vous offrir pour chacun de ses vins, la meilleure personnalit\u00e9 des terroirs, la finesse des ar\u00f4mes, l\u2019\u00e9l\u00e9gance de la structure, la pl\u00e9nitude des plus fins composants du vins.<\/p>\n","protected":false},"featured_media":17003,"comment_status":"open","ping_status":"closed","template":"","meta":[],"product_brand":[],"product_cat":[365,138,66,27],"product_tag":[],"class_list":{"0":"post-11806","1":"product","2":"type-product","3":"status-publish","4":"has-post-thumbnail","6":"product_cat-categorie","7":"product_cat-couleurs","8":"product_cat-rhone","9":"product_cat-rouge","11":"first","12":"instock","13":"sale","14":"taxable","15":"shipping-taxable","16":"purchasable","17":"product-type-simple"},"_links":{"self":[{"href":"https:\/\/www.lacavedeslecteurs.com\/index.php\/wp-json\/wp\/v2\/product\/11806","targetHints":{"allow":["GET"]}}],"collection":[{"href":"https:\/\/www.lacavedeslecteurs.com\/index.php\/wp-json\/wp\/v2\/product"}],"about":[{"href":"https:\/\/www.lacavedeslecteurs.com\/index.php\/wp-json\/wp\/v2\/types\/product"}],"replies":[{"embeddable":true,"href":"https:\/\/www.lacavedeslecteurs.com\/index.php\/wp-json\/wp\/v2\/comments?post=11806"}],"wp:featuredmedia":[{"embeddable":true,"href":"https:\/\/www.lacavedeslecteurs.com\/index.php\/wp-json\/wp\/v2\/media\/17003"}],"wp:attachment":[{"href":"https:\/\/www.lacavedeslecteurs.com\/index.php\/wp-json\/wp\/v2\/media?parent=11806"}],"wp:term":[{"taxonomy":"product_brand","embeddable":true,"href":"https:\/\/www.lacavedeslecteurs.com\/index.php\/wp-json\/wp\/v2\/product_brand?post=11806"},{"taxonomy":"product_cat","embeddable":true,"href":"https:\/\/www.lacavedeslecteurs.com\/index.php\/wp-json\/wp\/v2\/product_cat?post=11806"},{"taxonomy":"product_tag","embeddable":true,"href":"https:\/\/www.lacavedeslecteurs.com\/index.php\/wp-json\/wp\/v2\/product_tag?post=11806"}],"curies":[{"name":"wp","href":"https:\/\/api.w.org\/{rel}","templated":true}]}}