{"id":11808,"date":"2025-12-31T13:02:23","date_gmt":"2025-12-31T13:02:23","guid":{"rendered":"https:\/\/www.lacavedeslecteurs.com\/index.php\/product\/domaine-lionel-faury-les-ribaudes\/"},"modified":"2026-02-13T15:38:19","modified_gmt":"2026-02-13T15:38:19","slug":"domaine-lionel-faury-les-ribaudes","status":"publish","type":"product","link":"https:\/\/www.lacavedeslecteurs.com\/index.php\/product\/domaine-lionel-faury-les-ribaudes\/","title":{"rendered":"Domaine Lionel Faury Les Ribaudes - 2020"},"content":{"rendered":"<p>D\u2019un caract\u00e8re jovial, la bouche s\u2019ouvre sur les fruits des bois noirs auxquels s\u2019agglom\u00e8rent des saveurs menthol\u00e9es et r\u00e9gliss\u00e9es. Puissant et fruit\u00e9\u2026 Tout le charme d&rsquo;un Saint-Joseph !<\/p>\n","protected":false},"excerpt":{"rendered":"<p>D\u2019un caract\u00e8re jovial, la bouche s\u2019ouvre sur les fruits des bois noirs auxquels s\u2019agglom\u00e8rent des saveurs menthol\u00e9es et r\u00e9gliss\u00e9es. Puissant et fruit\u00e9\u2026 Tout le charme d&rsquo;un Saint-Joseph !<\/p>\n","protected":false},"featured_media":17004,"comment_status":"open","ping_status":"closed","template":"","meta":[],"product_brand":[],"product_cat":[365,138,66,27],"product_tag":[],"class_list":{"0":"post-11808","1":"product","2":"type-product","3":"status-publish","4":"has-post-thumbnail","6":"product_cat-categorie","7":"product_cat-couleurs","8":"product_cat-rhone","9":"product_cat-rouge","11":"first","12":"instock","13":"sale","14":"taxable","15":"shipping-taxable","16":"purchasable","17":"product-type-simple"},"_links":{"self":[{"href":"https:\/\/www.lacavedeslecteurs.com\/index.php\/wp-json\/wp\/v2\/product\/11808","targetHints":{"allow":["GET"]}}],"collection":[{"href":"https:\/\/www.lacavedeslecteurs.com\/index.php\/wp-json\/wp\/v2\/product"}],"about":[{"href":"https:\/\/www.lacavedeslecteurs.com\/index.php\/wp-json\/wp\/v2\/types\/product"}],"replies":[{"embeddable":true,"href":"https:\/\/www.lacavedeslecteurs.com\/index.php\/wp-json\/wp\/v2\/comments?post=11808"}],"wp:featuredmedia":[{"embeddable":true,"href":"https:\/\/www.lacavedeslecteurs.com\/index.php\/wp-json\/wp\/v2\/media\/17004"}],"wp:attachment":[{"href":"https:\/\/www.lacavedeslecteurs.com\/index.php\/wp-json\/wp\/v2\/media?parent=11808"}],"wp:term":[{"taxonomy":"product_brand","embeddable":true,"href":"https:\/\/www.lacavedeslecteurs.com\/index.php\/wp-json\/wp\/v2\/product_brand?post=11808"},{"taxonomy":"product_cat","embeddable":true,"href":"https:\/\/www.lacavedeslecteurs.com\/index.php\/wp-json\/wp\/v2\/product_cat?post=11808"},{"taxonomy":"product_tag","embeddable":true,"href":"https:\/\/www.lacavedeslecteurs.com\/index.php\/wp-json\/wp\/v2\/product_tag?post=11808"}],"curies":[{"name":"wp","href":"https:\/\/api.w.org\/{rel}","templated":true}]}}