{"id":11816,"date":"2025-12-31T13:02:25","date_gmt":"2025-12-31T13:02:25","guid":{"rendered":"https:\/\/www.lacavedeslecteurs.com\/index.php\/product\/domaine-michel-gerin-la-champine\/"},"modified":"2026-02-13T15:38:26","modified_gmt":"2026-02-13T15:38:26","slug":"domaine-michel-gerin-la-champine","status":"publish","type":"product","link":"https:\/\/www.lacavedeslecteurs.com\/index.php\/product\/domaine-michel-gerin-la-champine\/","title":{"rendered":"Domaine Michel G\u00e9rin La Champine - 2019"},"content":{"rendered":"<p>La Champine rouge, 100% syrah, est \u00e9lev\u00e9e un an avec un peu de barrique et met l\u2019accent sur les jeunes vignes avec du fruit et de la gourmandise, \u00e0 d\u00e9guster dans les 5-8 ans. <\/p>\n","protected":false},"excerpt":{"rendered":"<p>La Champine rouge, 100% syrah, est \u00e9lev\u00e9e un an avec un peu de barrique et met l\u2019accent sur les jeunes vignes avec du fruit et de la gourmandise, \u00e0 d\u00e9guster dans les 5-8 ans.<\/p>\n","protected":false},"featured_media":17008,"comment_status":"open","ping_status":"closed","template":"","meta":[],"product_brand":[],"product_cat":[365,138,66,27],"product_tag":[],"class_list":{"0":"post-11816","1":"product","2":"type-product","3":"status-publish","4":"has-post-thumbnail","6":"product_cat-categorie","7":"product_cat-couleurs","8":"product_cat-rhone","9":"product_cat-rouge","11":"first","12":"instock","13":"sale","14":"taxable","15":"shipping-taxable","16":"purchasable","17":"product-type-simple"},"_links":{"self":[{"href":"https:\/\/www.lacavedeslecteurs.com\/index.php\/wp-json\/wp\/v2\/product\/11816","targetHints":{"allow":["GET"]}}],"collection":[{"href":"https:\/\/www.lacavedeslecteurs.com\/index.php\/wp-json\/wp\/v2\/product"}],"about":[{"href":"https:\/\/www.lacavedeslecteurs.com\/index.php\/wp-json\/wp\/v2\/types\/product"}],"replies":[{"embeddable":true,"href":"https:\/\/www.lacavedeslecteurs.com\/index.php\/wp-json\/wp\/v2\/comments?post=11816"}],"wp:featuredmedia":[{"embeddable":true,"href":"https:\/\/www.lacavedeslecteurs.com\/index.php\/wp-json\/wp\/v2\/media\/17008"}],"wp:attachment":[{"href":"https:\/\/www.lacavedeslecteurs.com\/index.php\/wp-json\/wp\/v2\/media?parent=11816"}],"wp:term":[{"taxonomy":"product_brand","embeddable":true,"href":"https:\/\/www.lacavedeslecteurs.com\/index.php\/wp-json\/wp\/v2\/product_brand?post=11816"},{"taxonomy":"product_cat","embeddable":true,"href":"https:\/\/www.lacavedeslecteurs.com\/index.php\/wp-json\/wp\/v2\/product_cat?post=11816"},{"taxonomy":"product_tag","embeddable":true,"href":"https:\/\/www.lacavedeslecteurs.com\/index.php\/wp-json\/wp\/v2\/product_tag?post=11816"}],"curies":[{"name":"wp","href":"https:\/\/api.w.org\/{rel}","templated":true}]}}