{"id":11821,"date":"2025-12-31T13:02:26","date_gmt":"2025-12-31T13:02:26","guid":{"rendered":"https:\/\/www.lacavedeslecteurs.com\/index.php\/product\/vieux-telegraphe\/"},"modified":"2026-02-13T15:38:31","modified_gmt":"2026-02-13T15:38:31","slug":"vieux-telegraphe","status":"publish","type":"product","link":"https:\/\/www.lacavedeslecteurs.com\/index.php\/product\/vieux-telegraphe\/","title":{"rendered":"Vieux T\u00e9l\u00e9graphe - 2021"},"content":{"rendered":"<p>Le second vin du tr\u00e8s grand T\u00e9l\u00e9graphe, \u0153uvre de Daniel Brunier, vigneron \u00e9m\u00e9rite. Souplesse et rondeur. Excellent !<\/p>\n","protected":false},"excerpt":{"rendered":"<p>Le second vin du tr\u00e8s grand T\u00e9l\u00e9graphe, \u0153uvre de Daniel Brunier, vigneron \u00e9m\u00e9rite. Souplesse et rondeur. Excellent !<\/p>\n","protected":false},"featured_media":17011,"comment_status":"open","ping_status":"closed","template":"","meta":[],"product_brand":[],"product_cat":[365,138,66,27],"product_tag":[],"class_list":{"0":"post-11821","1":"product","2":"type-product","3":"status-publish","4":"has-post-thumbnail","6":"product_cat-categorie","7":"product_cat-couleurs","8":"product_cat-rhone","9":"product_cat-rouge","11":"first","12":"instock","13":"sale","14":"taxable","15":"shipping-taxable","16":"purchasable","17":"product-type-simple"},"_links":{"self":[{"href":"https:\/\/www.lacavedeslecteurs.com\/index.php\/wp-json\/wp\/v2\/product\/11821","targetHints":{"allow":["GET"]}}],"collection":[{"href":"https:\/\/www.lacavedeslecteurs.com\/index.php\/wp-json\/wp\/v2\/product"}],"about":[{"href":"https:\/\/www.lacavedeslecteurs.com\/index.php\/wp-json\/wp\/v2\/types\/product"}],"replies":[{"embeddable":true,"href":"https:\/\/www.lacavedeslecteurs.com\/index.php\/wp-json\/wp\/v2\/comments?post=11821"}],"wp:featuredmedia":[{"embeddable":true,"href":"https:\/\/www.lacavedeslecteurs.com\/index.php\/wp-json\/wp\/v2\/media\/17011"}],"wp:attachment":[{"href":"https:\/\/www.lacavedeslecteurs.com\/index.php\/wp-json\/wp\/v2\/media?parent=11821"}],"wp:term":[{"taxonomy":"product_brand","embeddable":true,"href":"https:\/\/www.lacavedeslecteurs.com\/index.php\/wp-json\/wp\/v2\/product_brand?post=11821"},{"taxonomy":"product_cat","embeddable":true,"href":"https:\/\/www.lacavedeslecteurs.com\/index.php\/wp-json\/wp\/v2\/product_cat?post=11821"},{"taxonomy":"product_tag","embeddable":true,"href":"https:\/\/www.lacavedeslecteurs.com\/index.php\/wp-json\/wp\/v2\/product_tag?post=11821"}],"curies":[{"name":"wp","href":"https:\/\/api.w.org\/{rel}","templated":true}]}}