{"id":11870,"date":"2025-12-31T13:02:46","date_gmt":"2025-12-31T13:02:46","guid":{"rendered":"https:\/\/www.lacavedeslecteurs.com\/index.php\/product\/whisky-francais-bellevoye-blanc-finition-sauternes-40-en-etui\/"},"modified":"2026-02-13T15:38:49","modified_gmt":"2026-02-13T15:38:49","slug":"whisky-francais-bellevoye-blanc-finition-sauternes-40-en-etui","status":"publish","type":"product","link":"https:\/\/www.lacavedeslecteurs.com\/index.php\/product\/whisky-francais-bellevoye-blanc-finition-sauternes-40-en-etui\/","title":{"rendered":"Whisky Fran\u00e7ais Bellevoye Blanc Finition Sauternes, 40% en \u00e9tui"},"content":{"rendered":"<p>Ce \u00ab Finish \u00bb conf\u00e8re au whisky des ar\u00f4mes doux et \u00e9pic\u00e9s, ainsi qu\u2019une rondeur incroyable. On sent les abricots et les amandes qui baignent dans un bain bien sucr\u00e9 (sucre raffin\u00e9). Peu \u00e0 peu, ils sont rejoints par des \u00e9pices (cannelle, gingembre). <\/p>\n","protected":false},"excerpt":{"rendered":"<p>Ce \u00ab Finish \u00bb conf\u00e8re au whisky des ar\u00f4mes doux et \u00e9pic\u00e9s, ainsi qu\u2019une rondeur incroyable. On sent les abricots et les amandes qui baignent dans un bain bien sucr\u00e9 (sucre raffin\u00e9). Peu \u00e0 peu, ils sont rejoints par des \u00e9pices (cannelle, gingembre).<\/p>\n","protected":false},"featured_media":17021,"comment_status":"open","ping_status":"closed","template":"","meta":[],"product_brand":[],"product_cat":[41,365,138,59],"product_tag":[],"class_list":{"0":"post-11870","1":"product","2":"type-product","3":"status-publish","4":"has-post-thumbnail","6":"product_cat-blanc","7":"product_cat-categorie","8":"product_cat-couleurs","9":"product_cat-spiritueux","11":"first","12":"instock","13":"sale","14":"taxable","15":"shipping-taxable","16":"purchasable","17":"product-type-simple"},"_links":{"self":[{"href":"https:\/\/www.lacavedeslecteurs.com\/index.php\/wp-json\/wp\/v2\/product\/11870","targetHints":{"allow":["GET"]}}],"collection":[{"href":"https:\/\/www.lacavedeslecteurs.com\/index.php\/wp-json\/wp\/v2\/product"}],"about":[{"href":"https:\/\/www.lacavedeslecteurs.com\/index.php\/wp-json\/wp\/v2\/types\/product"}],"replies":[{"embeddable":true,"href":"https:\/\/www.lacavedeslecteurs.com\/index.php\/wp-json\/wp\/v2\/comments?post=11870"}],"wp:featuredmedia":[{"embeddable":true,"href":"https:\/\/www.lacavedeslecteurs.com\/index.php\/wp-json\/wp\/v2\/media\/17021"}],"wp:attachment":[{"href":"https:\/\/www.lacavedeslecteurs.com\/index.php\/wp-json\/wp\/v2\/media?parent=11870"}],"wp:term":[{"taxonomy":"product_brand","embeddable":true,"href":"https:\/\/www.lacavedeslecteurs.com\/index.php\/wp-json\/wp\/v2\/product_brand?post=11870"},{"taxonomy":"product_cat","embeddable":true,"href":"https:\/\/www.lacavedeslecteurs.com\/index.php\/wp-json\/wp\/v2\/product_cat?post=11870"},{"taxonomy":"product_tag","embeddable":true,"href":"https:\/\/www.lacavedeslecteurs.com\/index.php\/wp-json\/wp\/v2\/product_tag?post=11870"}],"curies":[{"name":"wp","href":"https:\/\/api.w.org\/{rel}","templated":true}]}}