{"id":11872,"date":"2025-12-31T13:02:46","date_gmt":"2025-12-31T13:02:46","guid":{"rendered":"https:\/\/www.lacavedeslecteurs.com\/index.php\/product\/the-chita-single-grain-japonai\/"},"modified":"2026-02-13T15:38:51","modified_gmt":"2026-02-13T15:38:51","slug":"the-chita-single-grain-japonai","status":"publish","type":"product","link":"https:\/\/www.lacavedeslecteurs.com\/index.php\/product\/the-chita-single-grain-japonai\/","title":{"rendered":"The Chita Single Grain Japonai"},"content":{"rendered":"<p>Excellente valeur non tourb\u00e9e du pays nippon. Expression douce et soyeuse autour de la menthe fra\u00eeche et du miel. Finale pr\u00e9cise, avec des notes de ch\u00eane.<\/p>\n","protected":false},"excerpt":{"rendered":"<p>Excellente valeur non tourb\u00e9e du pays nippon. Expression douce et soyeuse autour de la menthe fra\u00eeche et du miel. Finale pr\u00e9cise, avec des notes de ch\u00eane.<\/p>\n","protected":false},"featured_media":17022,"comment_status":"open","ping_status":"closed","template":"","meta":[],"product_brand":[],"product_cat":[365,59],"product_tag":[],"class_list":{"0":"post-11872","1":"product","2":"type-product","3":"status-publish","4":"has-post-thumbnail","6":"product_cat-categorie","7":"product_cat-spiritueux","9":"first","10":"instock","11":"sale","12":"taxable","13":"shipping-taxable","14":"purchasable","15":"product-type-simple"},"_links":{"self":[{"href":"https:\/\/www.lacavedeslecteurs.com\/index.php\/wp-json\/wp\/v2\/product\/11872","targetHints":{"allow":["GET"]}}],"collection":[{"href":"https:\/\/www.lacavedeslecteurs.com\/index.php\/wp-json\/wp\/v2\/product"}],"about":[{"href":"https:\/\/www.lacavedeslecteurs.com\/index.php\/wp-json\/wp\/v2\/types\/product"}],"replies":[{"embeddable":true,"href":"https:\/\/www.lacavedeslecteurs.com\/index.php\/wp-json\/wp\/v2\/comments?post=11872"}],"wp:featuredmedia":[{"embeddable":true,"href":"https:\/\/www.lacavedeslecteurs.com\/index.php\/wp-json\/wp\/v2\/media\/17022"}],"wp:attachment":[{"href":"https:\/\/www.lacavedeslecteurs.com\/index.php\/wp-json\/wp\/v2\/media?parent=11872"}],"wp:term":[{"taxonomy":"product_brand","embeddable":true,"href":"https:\/\/www.lacavedeslecteurs.com\/index.php\/wp-json\/wp\/v2\/product_brand?post=11872"},{"taxonomy":"product_cat","embeddable":true,"href":"https:\/\/www.lacavedeslecteurs.com\/index.php\/wp-json\/wp\/v2\/product_cat?post=11872"},{"taxonomy":"product_tag","embeddable":true,"href":"https:\/\/www.lacavedeslecteurs.com\/index.php\/wp-json\/wp\/v2\/product_tag?post=11872"}],"curies":[{"name":"wp","href":"https:\/\/api.w.org\/{rel}","templated":true}]}}