{"id":11882,"date":"2025-12-31T13:02:51","date_gmt":"2025-12-31T13:02:51","guid":{"rendered":"https:\/\/www.lacavedeslecteurs.com\/index.php\/product\/blend-scotch-whisky-glensilver-40\/"},"modified":"2026-02-13T15:39:02","modified_gmt":"2026-02-13T15:39:02","slug":"blend-scotch-whisky-glensilver-40","status":"publish","type":"product","link":"https:\/\/www.lacavedeslecteurs.com\/index.php\/product\/blend-scotch-whisky-glensilver-40\/","title":{"rendered":"Blend Scotch Whisky Glensilver, 40%"},"content":{"rendered":"<p>Glen Silver Blended Scotch Whisky vieilli 3 ans en f\u00fbts de ch\u00eane am\u00e9ricain (bourbon). Couleur dor\u00e9e et cuivr\u00e9e, vous appr\u00e9cierez ses ar\u00f4mes d&rsquo;orge grill\u00e9e, de tourbe l\u00e9g\u00e8re, de fum\u00e9 un peu plus marqu\u00e9. La bouche est soyeuse et onctueuse. Un joli blended whisky.<\/p>\n","protected":false},"excerpt":{"rendered":"<p>Glen Silver Blended Scotch Whisky vieilli 3 ans en f\u00fbts de ch\u00eane am\u00e9ricain (bourbon). Couleur dor\u00e9e et cuivr\u00e9e, vous appr\u00e9cierez ses ar\u00f4mes d&rsquo;orge grill\u00e9e, de tourbe l\u00e9g\u00e8re, de fum\u00e9 un peu plus marqu\u00e9. La bouche est soyeuse et onctueuse. Un joli blended whisky.<\/p>\n","protected":false},"featured_media":17027,"comment_status":"open","ping_status":"closed","template":"","meta":[],"product_brand":[],"product_cat":[365,59],"product_tag":[],"class_list":{"0":"post-11882","1":"product","2":"type-product","3":"status-publish","4":"has-post-thumbnail","6":"product_cat-categorie","7":"product_cat-spiritueux","9":"first","10":"instock","11":"sale","12":"taxable","13":"shipping-taxable","14":"purchasable","15":"product-type-simple"},"_links":{"self":[{"href":"https:\/\/www.lacavedeslecteurs.com\/index.php\/wp-json\/wp\/v2\/product\/11882","targetHints":{"allow":["GET"]}}],"collection":[{"href":"https:\/\/www.lacavedeslecteurs.com\/index.php\/wp-json\/wp\/v2\/product"}],"about":[{"href":"https:\/\/www.lacavedeslecteurs.com\/index.php\/wp-json\/wp\/v2\/types\/product"}],"replies":[{"embeddable":true,"href":"https:\/\/www.lacavedeslecteurs.com\/index.php\/wp-json\/wp\/v2\/comments?post=11882"}],"wp:featuredmedia":[{"embeddable":true,"href":"https:\/\/www.lacavedeslecteurs.com\/index.php\/wp-json\/wp\/v2\/media\/17027"}],"wp:attachment":[{"href":"https:\/\/www.lacavedeslecteurs.com\/index.php\/wp-json\/wp\/v2\/media?parent=11882"}],"wp:term":[{"taxonomy":"product_brand","embeddable":true,"href":"https:\/\/www.lacavedeslecteurs.com\/index.php\/wp-json\/wp\/v2\/product_brand?post=11882"},{"taxonomy":"product_cat","embeddable":true,"href":"https:\/\/www.lacavedeslecteurs.com\/index.php\/wp-json\/wp\/v2\/product_cat?post=11882"},{"taxonomy":"product_tag","embeddable":true,"href":"https:\/\/www.lacavedeslecteurs.com\/index.php\/wp-json\/wp\/v2\/product_tag?post=11882"}],"curies":[{"name":"wp","href":"https:\/\/api.w.org\/{rel}","templated":true}]}}