{"id":11884,"date":"2025-12-31T13:02:52","date_gmt":"2025-12-31T13:02:52","guid":{"rendered":"https:\/\/www.lacavedeslecteurs.com\/index.php\/product\/single-malt-scotch-whisky-jura-12-ans-40\/"},"modified":"2026-02-13T15:39:03","modified_gmt":"2026-02-13T15:39:03","slug":"single-malt-scotch-whisky-jura-12-ans-40","status":"publish","type":"product","link":"https:\/\/www.lacavedeslecteurs.com\/index.php\/product\/single-malt-scotch-whisky-jura-12-ans-40\/","title":{"rendered":"Single Malt Scotch Whisky Jura 12 Ans, 40%"},"content":{"rendered":"<p>10 ans en f\u00fbts de bourbon puis affin\u00e9 en f\u00fbts de x\u00e9r\u00e8s oloroso. Notes fum\u00e9es d\u00e9licates adoucies par le x\u00e9r\u00e8s. L\u00e9g\u00e8rement tourb\u00e9.<\/p>\n","protected":false},"excerpt":{"rendered":"<p>10 ans en f\u00fbts de bourbon puis affin\u00e9 en f\u00fbts de x\u00e9r\u00e8s oloroso. Notes fum\u00e9es d\u00e9licates adoucies par le x\u00e9r\u00e8s. L\u00e9g\u00e8rement tourb\u00e9.<\/p>\n","protected":false},"featured_media":17028,"comment_status":"open","ping_status":"closed","template":"","meta":[],"product_brand":[],"product_cat":[365,59],"product_tag":[],"class_list":{"0":"post-11884","1":"product","2":"type-product","3":"status-publish","4":"has-post-thumbnail","6":"product_cat-categorie","7":"product_cat-spiritueux","9":"first","10":"instock","11":"sale","12":"taxable","13":"shipping-taxable","14":"purchasable","15":"product-type-simple"},"_links":{"self":[{"href":"https:\/\/www.lacavedeslecteurs.com\/index.php\/wp-json\/wp\/v2\/product\/11884","targetHints":{"allow":["GET"]}}],"collection":[{"href":"https:\/\/www.lacavedeslecteurs.com\/index.php\/wp-json\/wp\/v2\/product"}],"about":[{"href":"https:\/\/www.lacavedeslecteurs.com\/index.php\/wp-json\/wp\/v2\/types\/product"}],"replies":[{"embeddable":true,"href":"https:\/\/www.lacavedeslecteurs.com\/index.php\/wp-json\/wp\/v2\/comments?post=11884"}],"wp:featuredmedia":[{"embeddable":true,"href":"https:\/\/www.lacavedeslecteurs.com\/index.php\/wp-json\/wp\/v2\/media\/17028"}],"wp:attachment":[{"href":"https:\/\/www.lacavedeslecteurs.com\/index.php\/wp-json\/wp\/v2\/media?parent=11884"}],"wp:term":[{"taxonomy":"product_brand","embeddable":true,"href":"https:\/\/www.lacavedeslecteurs.com\/index.php\/wp-json\/wp\/v2\/product_brand?post=11884"},{"taxonomy":"product_cat","embeddable":true,"href":"https:\/\/www.lacavedeslecteurs.com\/index.php\/wp-json\/wp\/v2\/product_cat?post=11884"},{"taxonomy":"product_tag","embeddable":true,"href":"https:\/\/www.lacavedeslecteurs.com\/index.php\/wp-json\/wp\/v2\/product_tag?post=11884"}],"curies":[{"name":"wp","href":"https:\/\/api.w.org\/{rel}","templated":true}]}}