{"id":11894,"date":"2025-12-31T13:02:56","date_gmt":"2025-12-31T13:02:56","guid":{"rendered":"https:\/\/www.lacavedeslecteurs.com\/index.php\/product\/coffret-decouverte-vieux-rhum-el-pasador-de-oro-320cl-xo-passion-gran-reserva-origine-guatemala-en-etui\/"},"modified":"2026-02-13T15:39:14","modified_gmt":"2026-02-13T15:39:14","slug":"coffret-decouverte-vieux-rhum-el-pasador-de-oro-320cl-xo-passion-gran-reserva-origine-guatemala-en-etui","status":"publish","type":"product","link":"https:\/\/www.lacavedeslecteurs.com\/index.php\/product\/coffret-decouverte-vieux-rhum-el-pasador-de-oro-320cl-xo-passion-gran-reserva-origine-guatemala-en-etui\/","title":{"rendered":"Coffret D\u00e9couverte Vieux Rhum El Pasador de Oro 3*20cl (XO, Passion, Gran Reserva), Origine Guatemala, en \u00e9tui"},"content":{"rendered":"<p>Le coffret que tous les amateurs du rhum rond et gourmand El Pasador de Oro attendaient pour d\u00e9couvrir la gamme : 3 bouteilles de 20 cl pour (re)d\u00e9couvrir la version classique qui a fait le succ\u00e8s de la marque, le XO, la version plus \u00e2g\u00e9e et le Gran Reserva, la version intense \u00e0 50\u00b0.<\/p>\n","protected":false},"excerpt":{"rendered":"<p>Le coffret que tous les amateurs du rhum rond et gourmand El Pasador de Oro attendaient pour d\u00e9couvrir la gamme : 3 bouteilles de 20 cl pour (re)d\u00e9couvrir la version classique qui a fait le succ\u00e8s de la marque, le XO, la version plus \u00e2g\u00e9e et le Gran Reserva, la version intense \u00e0 50\u00b0.<\/p>\n","protected":false},"featured_media":17033,"comment_status":"open","ping_status":"closed","template":"","meta":[],"product_brand":[],"product_cat":[41,365,138,59],"product_tag":[],"class_list":{"0":"post-11894","1":"product","2":"type-product","3":"status-publish","4":"has-post-thumbnail","6":"product_cat-blanc","7":"product_cat-categorie","8":"product_cat-couleurs","9":"product_cat-spiritueux","11":"first","12":"instock","13":"sale","14":"taxable","15":"shipping-taxable","16":"purchasable","17":"product-type-simple"},"_links":{"self":[{"href":"https:\/\/www.lacavedeslecteurs.com\/index.php\/wp-json\/wp\/v2\/product\/11894","targetHints":{"allow":["GET"]}}],"collection":[{"href":"https:\/\/www.lacavedeslecteurs.com\/index.php\/wp-json\/wp\/v2\/product"}],"about":[{"href":"https:\/\/www.lacavedeslecteurs.com\/index.php\/wp-json\/wp\/v2\/types\/product"}],"replies":[{"embeddable":true,"href":"https:\/\/www.lacavedeslecteurs.com\/index.php\/wp-json\/wp\/v2\/comments?post=11894"}],"wp:featuredmedia":[{"embeddable":true,"href":"https:\/\/www.lacavedeslecteurs.com\/index.php\/wp-json\/wp\/v2\/media\/17033"}],"wp:attachment":[{"href":"https:\/\/www.lacavedeslecteurs.com\/index.php\/wp-json\/wp\/v2\/media?parent=11894"}],"wp:term":[{"taxonomy":"product_brand","embeddable":true,"href":"https:\/\/www.lacavedeslecteurs.com\/index.php\/wp-json\/wp\/v2\/product_brand?post=11894"},{"taxonomy":"product_cat","embeddable":true,"href":"https:\/\/www.lacavedeslecteurs.com\/index.php\/wp-json\/wp\/v2\/product_cat?post=11894"},{"taxonomy":"product_tag","embeddable":true,"href":"https:\/\/www.lacavedeslecteurs.com\/index.php\/wp-json\/wp\/v2\/product_tag?post=11894"}],"curies":[{"name":"wp","href":"https:\/\/api.w.org\/{rel}","templated":true}]}}