{"id":11896,"date":"2025-12-31T13:02:56","date_gmt":"2025-12-31T13:02:56","guid":{"rendered":"https:\/\/www.lacavedeslecteurs.com\/index.php\/product\/tawny-10-ans-dage-quinta-do-infando\/"},"modified":"2026-02-13T15:39:16","modified_gmt":"2026-02-13T15:39:16","slug":"tawny-10-ans-dage-quinta-do-infando","status":"publish","type":"product","link":"https:\/\/www.lacavedeslecteurs.com\/index.php\/product\/tawny-10-ans-dage-quinta-do-infando\/","title":{"rendered":"Tawny 10 ans d&rsquo;\u00e2ge Quinta do Infando"},"content":{"rendered":"<p>Premier domaine du Douro \u00e0 avoir mis en bouteille au domaine, ind\u00e9pendamment des grandes maisons de n\u00e9goce. Vieilli sous-bois de ch\u00eane, ce Tawny offre des<br \/>\nsaveurs d\u2019une grande \u00e9l\u00e9gance refl\u00e8te le parfait mariage entre fruits de jeunesse et saveurs de maturit\u00e9 avec des notes de caramel, fruits secs, et d&rsquo;\u00e9pices\u2026<\/p>\n","protected":false},"excerpt":{"rendered":"<p>Premier domaine du Douro \u00e0 avoir mis en bouteille au domaine, ind\u00e9pendamment des grandes maisons de n\u00e9goce. Vieilli sous-bois de ch\u00eane, ce Tawny offre des saveurs d\u2019une grande \u00e9l\u00e9gance refl\u00e8te le parfait mariage entre fruits de jeunesse et saveurs de maturit\u00e9 avec des notes de caramel, fruits secs, et d&rsquo;\u00e9pices\u2026<\/p>\n","protected":false},"featured_media":17034,"comment_status":"open","ping_status":"closed","template":"","meta":[],"product_brand":[],"product_cat":[365,59],"product_tag":[],"class_list":{"0":"post-11896","1":"product","2":"type-product","3":"status-publish","4":"has-post-thumbnail","6":"product_cat-categorie","7":"product_cat-spiritueux","9":"first","10":"instock","11":"sale","12":"taxable","13":"shipping-taxable","14":"purchasable","15":"product-type-simple"},"_links":{"self":[{"href":"https:\/\/www.lacavedeslecteurs.com\/index.php\/wp-json\/wp\/v2\/product\/11896","targetHints":{"allow":["GET"]}}],"collection":[{"href":"https:\/\/www.lacavedeslecteurs.com\/index.php\/wp-json\/wp\/v2\/product"}],"about":[{"href":"https:\/\/www.lacavedeslecteurs.com\/index.php\/wp-json\/wp\/v2\/types\/product"}],"replies":[{"embeddable":true,"href":"https:\/\/www.lacavedeslecteurs.com\/index.php\/wp-json\/wp\/v2\/comments?post=11896"}],"wp:featuredmedia":[{"embeddable":true,"href":"https:\/\/www.lacavedeslecteurs.com\/index.php\/wp-json\/wp\/v2\/media\/17034"}],"wp:attachment":[{"href":"https:\/\/www.lacavedeslecteurs.com\/index.php\/wp-json\/wp\/v2\/media?parent=11896"}],"wp:term":[{"taxonomy":"product_brand","embeddable":true,"href":"https:\/\/www.lacavedeslecteurs.com\/index.php\/wp-json\/wp\/v2\/product_brand?post=11896"},{"taxonomy":"product_cat","embeddable":true,"href":"https:\/\/www.lacavedeslecteurs.com\/index.php\/wp-json\/wp\/v2\/product_cat?post=11896"},{"taxonomy":"product_tag","embeddable":true,"href":"https:\/\/www.lacavedeslecteurs.com\/index.php\/wp-json\/wp\/v2\/product_tag?post=11896"}],"curies":[{"name":"wp","href":"https:\/\/api.w.org\/{rel}","templated":true}]}}