{"id":11898,"date":"2025-12-31T13:02:57","date_gmt":"2025-12-31T13:02:57","guid":{"rendered":"https:\/\/www.lacavedeslecteurs.com\/index.php\/product\/seedlip-garden-sans-alcool\/"},"modified":"2026-02-13T15:39:19","modified_gmt":"2026-02-13T15:39:19","slug":"seedlip-garden-sans-alcool","status":"publish","type":"product","link":"https:\/\/www.lacavedeslecteurs.com\/index.php\/product\/seedlip-garden-sans-alcool\/","title":{"rendered":"Seedlip Garden sans alcool"},"content":{"rendered":"<p>Un SPIRITUEUX SANS ALCOOL, fruit d\u2019un savant m\u00e9lange de distillats de foin, pois de senteur et d\u2019herbes aromatiques. C\u2019est une alternative de qualit\u00e9 au gin m\u00eame si le producteur se d\u00e9fend de la comparaison. 108 repr\u00e9sente le nombre de jours entre la plantation des graines de pois et leur r\u00e9colte. Ce spiritueux se d\u00e9guste en cocktail sans alcool ou simplement accompagn\u00e9 d\u2019un tonic sur glace.<\/p>\n","protected":false},"excerpt":{"rendered":"<p>Un SPIRITUEUX SANS ALCOOL, fruit d\u2019un savant m\u00e9lange de distillats de foin, pois de senteur et d\u2019herbes aromatiques. C\u2019est une alternative de qualit\u00e9 au gin m\u00eame si le producteur se d\u00e9fend de la comparaison. 108 repr\u00e9sente le nombre de jours entre la plantation des graines de pois et leur r\u00e9colte. Ce spiritueux se d\u00e9guste en [&hellip;]<\/p>\n","protected":false},"featured_media":17035,"comment_status":"open","ping_status":"closed","template":"","meta":[],"product_brand":[],"product_cat":[41,365,138,59],"product_tag":[],"class_list":{"0":"post-11898","1":"product","2":"type-product","3":"status-publish","4":"has-post-thumbnail","6":"product_cat-blanc","7":"product_cat-categorie","8":"product_cat-couleurs","9":"product_cat-spiritueux","11":"first","12":"instock","13":"sale","14":"taxable","15":"shipping-taxable","16":"purchasable","17":"product-type-simple"},"_links":{"self":[{"href":"https:\/\/www.lacavedeslecteurs.com\/index.php\/wp-json\/wp\/v2\/product\/11898","targetHints":{"allow":["GET"]}}],"collection":[{"href":"https:\/\/www.lacavedeslecteurs.com\/index.php\/wp-json\/wp\/v2\/product"}],"about":[{"href":"https:\/\/www.lacavedeslecteurs.com\/index.php\/wp-json\/wp\/v2\/types\/product"}],"replies":[{"embeddable":true,"href":"https:\/\/www.lacavedeslecteurs.com\/index.php\/wp-json\/wp\/v2\/comments?post=11898"}],"wp:featuredmedia":[{"embeddable":true,"href":"https:\/\/www.lacavedeslecteurs.com\/index.php\/wp-json\/wp\/v2\/media\/17035"}],"wp:attachment":[{"href":"https:\/\/www.lacavedeslecteurs.com\/index.php\/wp-json\/wp\/v2\/media?parent=11898"}],"wp:term":[{"taxonomy":"product_brand","embeddable":true,"href":"https:\/\/www.lacavedeslecteurs.com\/index.php\/wp-json\/wp\/v2\/product_brand?post=11898"},{"taxonomy":"product_cat","embeddable":true,"href":"https:\/\/www.lacavedeslecteurs.com\/index.php\/wp-json\/wp\/v2\/product_cat?post=11898"},{"taxonomy":"product_tag","embeddable":true,"href":"https:\/\/www.lacavedeslecteurs.com\/index.php\/wp-json\/wp\/v2\/product_tag?post=11898"}],"curies":[{"name":"wp","href":"https:\/\/api.w.org\/{rel}","templated":true}]}}