{"id":11900,"date":"2025-12-31T13:02:58","date_gmt":"2025-12-31T13:02:58","guid":{"rendered":"https:\/\/www.lacavedeslecteurs.com\/index.php\/product\/single-malt-japonais-yamazaki-12-ans-43\/"},"modified":"2026-02-13T15:39:21","modified_gmt":"2026-02-13T15:39:21","slug":"single-malt-japonais-yamazaki-12-ans-43","status":"publish","type":"product","link":"https:\/\/www.lacavedeslecteurs.com\/index.php\/product\/single-malt-japonais-yamazaki-12-ans-43\/","title":{"rendered":"Single Malt Japonais Yamazaki 12 Ans, 43\u00b0"},"content":{"rendered":"<p>Le parfait compromis entre savoir-faire \u00e9cossais et raffinement japonais. Entre la complexit\u00e9 et la fra\u00eecheur des grands single malts du Speyside et une touche d\u2019ar\u00f4mes floraux et fum\u00e9s. Un produit d\u2019exception.<\/p>\n","protected":false},"excerpt":{"rendered":"<p>Le parfait compromis entre savoir-faire \u00e9cossais et raffinement japonais. Entre la complexit\u00e9 et la fra\u00eecheur des grands single malts du Speyside et une touche d\u2019ar\u00f4mes floraux et fum\u00e9s. Un produit d\u2019exception.<\/p>\n","protected":false},"featured_media":17036,"comment_status":"open","ping_status":"closed","template":"","meta":[],"product_brand":[],"product_cat":[365,59],"product_tag":[],"class_list":{"0":"post-11900","1":"product","2":"type-product","3":"status-publish","4":"has-post-thumbnail","6":"product_cat-categorie","7":"product_cat-spiritueux","9":"first","10":"instock","11":"sale","12":"taxable","13":"shipping-taxable","14":"purchasable","15":"product-type-simple"},"_links":{"self":[{"href":"https:\/\/www.lacavedeslecteurs.com\/index.php\/wp-json\/wp\/v2\/product\/11900","targetHints":{"allow":["GET"]}}],"collection":[{"href":"https:\/\/www.lacavedeslecteurs.com\/index.php\/wp-json\/wp\/v2\/product"}],"about":[{"href":"https:\/\/www.lacavedeslecteurs.com\/index.php\/wp-json\/wp\/v2\/types\/product"}],"replies":[{"embeddable":true,"href":"https:\/\/www.lacavedeslecteurs.com\/index.php\/wp-json\/wp\/v2\/comments?post=11900"}],"wp:featuredmedia":[{"embeddable":true,"href":"https:\/\/www.lacavedeslecteurs.com\/index.php\/wp-json\/wp\/v2\/media\/17036"}],"wp:attachment":[{"href":"https:\/\/www.lacavedeslecteurs.com\/index.php\/wp-json\/wp\/v2\/media?parent=11900"}],"wp:term":[{"taxonomy":"product_brand","embeddable":true,"href":"https:\/\/www.lacavedeslecteurs.com\/index.php\/wp-json\/wp\/v2\/product_brand?post=11900"},{"taxonomy":"product_cat","embeddable":true,"href":"https:\/\/www.lacavedeslecteurs.com\/index.php\/wp-json\/wp\/v2\/product_cat?post=11900"},{"taxonomy":"product_tag","embeddable":true,"href":"https:\/\/www.lacavedeslecteurs.com\/index.php\/wp-json\/wp\/v2\/product_tag?post=11900"}],"curies":[{"name":"wp","href":"https:\/\/api.w.org\/{rel}","templated":true}]}}