{"id":11902,"date":"2025-12-31T13:02:58","date_gmt":"2025-12-31T13:02:58","guid":{"rendered":"https:\/\/www.lacavedeslecteurs.com\/index.php\/product\/zacapa-solera-23-ans-origine-guatemala-40-en-etui\/"},"modified":"2026-02-13T15:39:26","modified_gmt":"2026-02-13T15:39:26","slug":"zacapa-solera-23-ans-origine-guatemala-40-en-etui","status":"publish","type":"product","link":"https:\/\/www.lacavedeslecteurs.com\/index.php\/product\/zacapa-solera-23-ans-origine-guatemala-40-en-etui\/","title":{"rendered":"Zacapa Solera 23 Ans, Origine Guatemala, 40% en \u00e9tui"},"content":{"rendered":"<p>Production limit\u00e9e avec un tr\u00e8s long vieillissement. Notes subtiles de ch\u00eane fum\u00e9, de vanille et d\u2019\u00e9pices. L&rsquo;\u00e9quilibre parfait.<\/p>\n","protected":false},"excerpt":{"rendered":"<p>Production limit\u00e9e avec un tr\u00e8s long vieillissement. Notes subtiles de ch\u00eane fum\u00e9, de vanille et d\u2019\u00e9pices. L&rsquo;\u00e9quilibre parfait.<\/p>\n","protected":false},"featured_media":17037,"comment_status":"open","ping_status":"closed","template":"","meta":[],"product_brand":[],"product_cat":[365,59],"product_tag":[],"class_list":{"0":"post-11902","1":"product","2":"type-product","3":"status-publish","4":"has-post-thumbnail","6":"product_cat-categorie","7":"product_cat-spiritueux","9":"first","10":"instock","11":"sale","12":"taxable","13":"shipping-taxable","14":"purchasable","15":"product-type-simple"},"_links":{"self":[{"href":"https:\/\/www.lacavedeslecteurs.com\/index.php\/wp-json\/wp\/v2\/product\/11902","targetHints":{"allow":["GET"]}}],"collection":[{"href":"https:\/\/www.lacavedeslecteurs.com\/index.php\/wp-json\/wp\/v2\/product"}],"about":[{"href":"https:\/\/www.lacavedeslecteurs.com\/index.php\/wp-json\/wp\/v2\/types\/product"}],"replies":[{"embeddable":true,"href":"https:\/\/www.lacavedeslecteurs.com\/index.php\/wp-json\/wp\/v2\/comments?post=11902"}],"wp:featuredmedia":[{"embeddable":true,"href":"https:\/\/www.lacavedeslecteurs.com\/index.php\/wp-json\/wp\/v2\/media\/17037"}],"wp:attachment":[{"href":"https:\/\/www.lacavedeslecteurs.com\/index.php\/wp-json\/wp\/v2\/media?parent=11902"}],"wp:term":[{"taxonomy":"product_brand","embeddable":true,"href":"https:\/\/www.lacavedeslecteurs.com\/index.php\/wp-json\/wp\/v2\/product_brand?post=11902"},{"taxonomy":"product_cat","embeddable":true,"href":"https:\/\/www.lacavedeslecteurs.com\/index.php\/wp-json\/wp\/v2\/product_cat?post=11902"},{"taxonomy":"product_tag","embeddable":true,"href":"https:\/\/www.lacavedeslecteurs.com\/index.php\/wp-json\/wp\/v2\/product_tag?post=11902"}],"curies":[{"name":"wp","href":"https:\/\/api.w.org\/{rel}","templated":true}]}}