{"id":11904,"date":"2025-12-31T13:03:00","date_gmt":"2025-12-31T13:03:00","guid":{"rendered":"https:\/\/www.lacavedeslecteurs.com\/index.php\/product\/barbaresco-docg-cotta-giribaldi-italie-bio\/"},"modified":"2026-02-13T15:39:40","modified_gmt":"2026-02-13T15:39:40","slug":"barbaresco-docg-cotta-giribaldi-italie-bio","status":"publish","type":"product","link":"https:\/\/www.lacavedeslecteurs.com\/index.php\/product\/barbaresco-docg-cotta-giribaldi-italie-bio\/","title":{"rendered":"Barbaresco DOCG \u00ab\u00a0Cotta\u00a0\u00bb Giribaldi Italie BIO - 2018"},"content":{"rendered":"<p>Domaine familial \u00e9tabli en Pi\u00e9mont o\u00f9 les deux grands c\u00e9pages rouges sont ici repr\u00e9sent\u00e9s. Le Barbera produit des vins puissants, fruit\u00e9s, \u00e0 boire sur le fruit. Le Nebbiolo, \u00e0 l\u2019instar du pinot noir, produit des vins \u00e9l\u00e9gants, au fruit cisel\u00e9, finement tanniques et de belle garde.<\/p>\n","protected":false},"excerpt":{"rendered":"<p>Domaine familial \u00e9tabli en Pi\u00e9mont o\u00f9 les deux grands c\u00e9pages rouges sont ici repr\u00e9sent\u00e9s. Le Barbera produit des vins puissants, fruit\u00e9s, \u00e0 boire sur le fruit. Le Nebbiolo, \u00e0 l\u2019instar du pinot noir, produit des vins \u00e9l\u00e9gants, au fruit cisel\u00e9, finement tanniques et de belle garde.<\/p>\n","protected":false},"featured_media":17045,"comment_status":"open","ping_status":"closed","template":"","meta":[],"product_brand":[],"product_cat":[365,138,27,56],"product_tag":[],"class_list":{"0":"post-11904","1":"product","2":"type-product","3":"status-publish","4":"has-post-thumbnail","6":"product_cat-categorie","7":"product_cat-couleurs","8":"product_cat-rouge","9":"product_cat-vins-du-monde","11":"first","12":"instock","13":"sale","14":"taxable","15":"shipping-taxable","16":"purchasable","17":"product-type-simple"},"_links":{"self":[{"href":"https:\/\/www.lacavedeslecteurs.com\/index.php\/wp-json\/wp\/v2\/product\/11904","targetHints":{"allow":["GET"]}}],"collection":[{"href":"https:\/\/www.lacavedeslecteurs.com\/index.php\/wp-json\/wp\/v2\/product"}],"about":[{"href":"https:\/\/www.lacavedeslecteurs.com\/index.php\/wp-json\/wp\/v2\/types\/product"}],"replies":[{"embeddable":true,"href":"https:\/\/www.lacavedeslecteurs.com\/index.php\/wp-json\/wp\/v2\/comments?post=11904"}],"wp:featuredmedia":[{"embeddable":true,"href":"https:\/\/www.lacavedeslecteurs.com\/index.php\/wp-json\/wp\/v2\/media\/17045"}],"wp:attachment":[{"href":"https:\/\/www.lacavedeslecteurs.com\/index.php\/wp-json\/wp\/v2\/media?parent=11904"}],"wp:term":[{"taxonomy":"product_brand","embeddable":true,"href":"https:\/\/www.lacavedeslecteurs.com\/index.php\/wp-json\/wp\/v2\/product_brand?post=11904"},{"taxonomy":"product_cat","embeddable":true,"href":"https:\/\/www.lacavedeslecteurs.com\/index.php\/wp-json\/wp\/v2\/product_cat?post=11904"},{"taxonomy":"product_tag","embeddable":true,"href":"https:\/\/www.lacavedeslecteurs.com\/index.php\/wp-json\/wp\/v2\/product_tag?post=11904"}],"curies":[{"name":"wp","href":"https:\/\/api.w.org\/{rel}","templated":true}]}}