{"id":11906,"date":"2025-12-31T13:03:01","date_gmt":"2025-12-31T13:03:01","guid":{"rendered":"https:\/\/www.lacavedeslecteurs.com\/index.php\/product\/beni-di-batasiolo-barbera-dalba-sovrana\/"},"modified":"2026-02-13T15:39:42","modified_gmt":"2026-02-13T15:39:42","slug":"beni-di-batasiolo-barbera-dalba-sovrana","status":"publish","type":"product","link":"https:\/\/www.lacavedeslecteurs.com\/index.php\/product\/beni-di-batasiolo-barbera-dalba-sovrana\/","title":{"rendered":"Beni Di Batasiolo Barbera d&rsquo;Alba Sovrana - 2018"},"content":{"rendered":"<p>Collection BENI DI BATASIOLO :<br \/>\nL\u2019histoire de Batasiolo est intimement li\u00e9e \u00e0 celle de la famille Dogliani depuis plus de 50 ans, qui s\u2019attache \u00e0 r\u00e9v\u00e9ler l\u2019\u00e2me de chaque terroir. Gr\u00e2ce au savoir-faire Oreste Dogliani, oenologue, ces vins au style sinc\u00e8re se retrouvent sur les plus belles tables du monde entier. Le petit Barbera d\u2019Alba Sovrana propose un fruit gourmand avec un toucher tr\u00e8s d\u00e9licat. Les Nebbiolo sur les terroirs de Barolo sont d\u2019une rare profondeur, avec un potentiel de garde immense ! Salute !<\/p>\n","protected":false},"excerpt":{"rendered":"<p>Collection BENI DI BATASIOLO : L\u2019histoire de Batasiolo est intimement li\u00e9e \u00e0 celle de la famille Dogliani depuis plus de 50 ans, qui s\u2019attache \u00e0 r\u00e9v\u00e9ler l\u2019\u00e2me de chaque terroir. Gr\u00e2ce au savoir-faire Oreste Dogliani, oenologue, ces vins au style sinc\u00e8re se retrouvent sur les plus belles tables du monde entier. Le petit Barbera d\u2019Alba [&hellip;]<\/p>\n","protected":false},"featured_media":17046,"comment_status":"open","ping_status":"closed","template":"","meta":[],"product_brand":[],"product_cat":[365,138,27,56],"product_tag":[],"class_list":{"0":"post-11906","1":"product","2":"type-product","3":"status-publish","4":"has-post-thumbnail","6":"product_cat-categorie","7":"product_cat-couleurs","8":"product_cat-rouge","9":"product_cat-vins-du-monde","11":"first","12":"instock","13":"sale","14":"taxable","15":"shipping-taxable","16":"purchasable","17":"product-type-simple"},"_links":{"self":[{"href":"https:\/\/www.lacavedeslecteurs.com\/index.php\/wp-json\/wp\/v2\/product\/11906","targetHints":{"allow":["GET"]}}],"collection":[{"href":"https:\/\/www.lacavedeslecteurs.com\/index.php\/wp-json\/wp\/v2\/product"}],"about":[{"href":"https:\/\/www.lacavedeslecteurs.com\/index.php\/wp-json\/wp\/v2\/types\/product"}],"replies":[{"embeddable":true,"href":"https:\/\/www.lacavedeslecteurs.com\/index.php\/wp-json\/wp\/v2\/comments?post=11906"}],"wp:featuredmedia":[{"embeddable":true,"href":"https:\/\/www.lacavedeslecteurs.com\/index.php\/wp-json\/wp\/v2\/media\/17046"}],"wp:attachment":[{"href":"https:\/\/www.lacavedeslecteurs.com\/index.php\/wp-json\/wp\/v2\/media?parent=11906"}],"wp:term":[{"taxonomy":"product_brand","embeddable":true,"href":"https:\/\/www.lacavedeslecteurs.com\/index.php\/wp-json\/wp\/v2\/product_brand?post=11906"},{"taxonomy":"product_cat","embeddable":true,"href":"https:\/\/www.lacavedeslecteurs.com\/index.php\/wp-json\/wp\/v2\/product_cat?post=11906"},{"taxonomy":"product_tag","embeddable":true,"href":"https:\/\/www.lacavedeslecteurs.com\/index.php\/wp-json\/wp\/v2\/product_tag?post=11906"}],"curies":[{"name":"wp","href":"https:\/\/api.w.org\/{rel}","templated":true}]}}