{"id":11910,"date":"2025-12-31T13:03:02","date_gmt":"2025-12-31T13:03:02","guid":{"rendered":"https:\/\/www.lacavedeslecteurs.com\/index.php\/product\/barossa-valley-bin-28-shiraz-penfolds-australie\/"},"modified":"2026-02-13T15:39:45","modified_gmt":"2026-02-13T15:39:45","slug":"barossa-valley-bin-28-shiraz-penfolds-australie","status":"publish","type":"product","link":"https:\/\/www.lacavedeslecteurs.com\/index.php\/product\/barossa-valley-bin-28-shiraz-penfolds-australie\/","title":{"rendered":"Barossa Valley Bin 28 Shiraz Penfold&rsquo;s Australie - 2019"},"content":{"rendered":"<p>En bouche, la cuv\u00e9e incarne un vin tr\u00e8s harmonieux. Complexe, il \u00e9quilibre des saveurs de framboise et de chocolat avec des \u00e9pices douces. La texture charnue donne un caract\u00e8re rond et expressif \u00e0 cette cuv\u00e9e. De ce fait, les tannins sont bien int\u00e9gr\u00e9s ainsi que le ch\u00eane.<\/p>\n","protected":false},"excerpt":{"rendered":"<p>En bouche, la cuv\u00e9e incarne un vin tr\u00e8s harmonieux. Complexe, il \u00e9quilibre des saveurs de framboise et de chocolat avec des \u00e9pices douces. La texture charnue donne un caract\u00e8re rond et expressif \u00e0 cette cuv\u00e9e. De ce fait, les tannins sont bien int\u00e9gr\u00e9s ainsi que le ch\u00eane.<\/p>\n","protected":false},"featured_media":17048,"comment_status":"open","ping_status":"closed","template":"","meta":[],"product_brand":[],"product_cat":[365,138,27,56],"product_tag":[],"class_list":{"0":"post-11910","1":"product","2":"type-product","3":"status-publish","4":"has-post-thumbnail","6":"product_cat-categorie","7":"product_cat-couleurs","8":"product_cat-rouge","9":"product_cat-vins-du-monde","11":"first","12":"instock","13":"sale","14":"taxable","15":"shipping-taxable","16":"purchasable","17":"product-type-simple"},"_links":{"self":[{"href":"https:\/\/www.lacavedeslecteurs.com\/index.php\/wp-json\/wp\/v2\/product\/11910","targetHints":{"allow":["GET"]}}],"collection":[{"href":"https:\/\/www.lacavedeslecteurs.com\/index.php\/wp-json\/wp\/v2\/product"}],"about":[{"href":"https:\/\/www.lacavedeslecteurs.com\/index.php\/wp-json\/wp\/v2\/types\/product"}],"replies":[{"embeddable":true,"href":"https:\/\/www.lacavedeslecteurs.com\/index.php\/wp-json\/wp\/v2\/comments?post=11910"}],"wp:featuredmedia":[{"embeddable":true,"href":"https:\/\/www.lacavedeslecteurs.com\/index.php\/wp-json\/wp\/v2\/media\/17048"}],"wp:attachment":[{"href":"https:\/\/www.lacavedeslecteurs.com\/index.php\/wp-json\/wp\/v2\/media?parent=11910"}],"wp:term":[{"taxonomy":"product_brand","embeddable":true,"href":"https:\/\/www.lacavedeslecteurs.com\/index.php\/wp-json\/wp\/v2\/product_brand?post=11910"},{"taxonomy":"product_cat","embeddable":true,"href":"https:\/\/www.lacavedeslecteurs.com\/index.php\/wp-json\/wp\/v2\/product_cat?post=11910"},{"taxonomy":"product_tag","embeddable":true,"href":"https:\/\/www.lacavedeslecteurs.com\/index.php\/wp-json\/wp\/v2\/product_tag?post=11910"}],"curies":[{"name":"wp","href":"https:\/\/api.w.org\/{rel}","templated":true}]}}