{"id":11914,"date":"2025-12-31T13:03:03","date_gmt":"2025-12-31T13:03:03","guid":{"rendered":"https:\/\/www.lacavedeslecteurs.com\/index.php\/product\/brunello-di-montalcino-docg-tenuta-innocenti\/"},"modified":"2026-02-13T15:39:49","modified_gmt":"2026-02-13T15:39:49","slug":"brunello-di-montalcino-docg-tenuta-innocenti","status":"publish","type":"product","link":"https:\/\/www.lacavedeslecteurs.com\/index.php\/product\/brunello-di-montalcino-docg-tenuta-innocenti\/","title":{"rendered":"BRUNELLO di MONTALCINO DOCG Tenuta Innocenti - 2015"},"content":{"rendered":"<p>C&rsquo;est LA grande appellation de Toscane qui tient son nom au c\u00e9page \u00e9ponyme, le \u00ab\u00a0Brunello\u00a0\u00bb, une des vari\u00e9t\u00e9s du sangiovese. Un p\u00e9riple gustatif avec cette concentration de fruit rouge, une vive tension en bouche et ses ar\u00f4mes subtils d\u2019\u00e9pices, garigue et de sous-bois. Quel d\u00e9lice !<\/p>\n","protected":false},"excerpt":{"rendered":"<p>C&rsquo;est LA grande appellation de Toscane qui tient son nom au c\u00e9page \u00e9ponyme, le \u00ab\u00a0Brunello\u00a0\u00bb, une des vari\u00e9t\u00e9s du sangiovese. Un p\u00e9riple gustatif avec cette concentration de fruit rouge, une vive tension en bouche et ses ar\u00f4mes subtils d\u2019\u00e9pices, garigue et de sous-bois. Quel d\u00e9lice !<\/p>\n","protected":false},"featured_media":17050,"comment_status":"open","ping_status":"closed","template":"","meta":[],"product_brand":[],"product_cat":[365,138,27,56],"product_tag":[],"class_list":{"0":"post-11914","1":"product","2":"type-product","3":"status-publish","4":"has-post-thumbnail","6":"product_cat-categorie","7":"product_cat-couleurs","8":"product_cat-rouge","9":"product_cat-vins-du-monde","11":"first","12":"instock","13":"sale","14":"taxable","15":"shipping-taxable","16":"purchasable","17":"product-type-simple"},"_links":{"self":[{"href":"https:\/\/www.lacavedeslecteurs.com\/index.php\/wp-json\/wp\/v2\/product\/11914","targetHints":{"allow":["GET"]}}],"collection":[{"href":"https:\/\/www.lacavedeslecteurs.com\/index.php\/wp-json\/wp\/v2\/product"}],"about":[{"href":"https:\/\/www.lacavedeslecteurs.com\/index.php\/wp-json\/wp\/v2\/types\/product"}],"replies":[{"embeddable":true,"href":"https:\/\/www.lacavedeslecteurs.com\/index.php\/wp-json\/wp\/v2\/comments?post=11914"}],"wp:featuredmedia":[{"embeddable":true,"href":"https:\/\/www.lacavedeslecteurs.com\/index.php\/wp-json\/wp\/v2\/media\/17050"}],"wp:attachment":[{"href":"https:\/\/www.lacavedeslecteurs.com\/index.php\/wp-json\/wp\/v2\/media?parent=11914"}],"wp:term":[{"taxonomy":"product_brand","embeddable":true,"href":"https:\/\/www.lacavedeslecteurs.com\/index.php\/wp-json\/wp\/v2\/product_brand?post=11914"},{"taxonomy":"product_cat","embeddable":true,"href":"https:\/\/www.lacavedeslecteurs.com\/index.php\/wp-json\/wp\/v2\/product_cat?post=11914"},{"taxonomy":"product_tag","embeddable":true,"href":"https:\/\/www.lacavedeslecteurs.com\/index.php\/wp-json\/wp\/v2\/product_tag?post=11914"}],"curies":[{"name":"wp","href":"https:\/\/api.w.org\/{rel}","templated":true}]}}