{"id":11918,"date":"2025-12-31T13:03:05","date_gmt":"2025-12-31T13:03:05","guid":{"rendered":"https:\/\/www.lacavedeslecteurs.com\/index.php\/product\/buena-vista-petite-syrah-legendary-badge-californie\/"},"modified":"2026-02-13T15:39:54","modified_gmt":"2026-02-13T15:39:54","slug":"buena-vista-petite-syrah-legendary-badge-californie","status":"publish","type":"product","link":"https:\/\/www.lacavedeslecteurs.com\/index.php\/product\/buena-vista-petite-syrah-legendary-badge-californie\/","title":{"rendered":"Buena Vista Petite Syrah \u00ab\u00a0Legendary Badge\u00a0\u00bb Californie - 2018"},"content":{"rendered":"<p>Cette charmante Petite Syrah (\u00e0 ne pas confondre avec la syrah) provient des meilleurs vignobles de la Californie. Elevage de 9 mois en alternance entre cuve inox et f\u00fbts de ch\u00eane Fran\u00e7ais (dont 10% de f\u00fbts neuf).<\/p>\n","protected":false},"excerpt":{"rendered":"<p>Cette charmante Petite Syrah (\u00e0 ne pas confondre avec la syrah) provient des meilleurs vignobles de la Californie. Elevage de 9 mois en alternance entre cuve inox et f\u00fbts de ch\u00eane Fran\u00e7ais (dont 10% de f\u00fbts neuf).<\/p>\n","protected":false},"featured_media":17052,"comment_status":"open","ping_status":"closed","template":"","meta":[],"product_brand":[],"product_cat":[365,138,27,56],"product_tag":[],"class_list":{"0":"post-11918","1":"product","2":"type-product","3":"status-publish","4":"has-post-thumbnail","6":"product_cat-categorie","7":"product_cat-couleurs","8":"product_cat-rouge","9":"product_cat-vins-du-monde","11":"first","12":"instock","13":"sale","14":"taxable","15":"shipping-taxable","16":"purchasable","17":"product-type-simple"},"_links":{"self":[{"href":"https:\/\/www.lacavedeslecteurs.com\/index.php\/wp-json\/wp\/v2\/product\/11918","targetHints":{"allow":["GET"]}}],"collection":[{"href":"https:\/\/www.lacavedeslecteurs.com\/index.php\/wp-json\/wp\/v2\/product"}],"about":[{"href":"https:\/\/www.lacavedeslecteurs.com\/index.php\/wp-json\/wp\/v2\/types\/product"}],"replies":[{"embeddable":true,"href":"https:\/\/www.lacavedeslecteurs.com\/index.php\/wp-json\/wp\/v2\/comments?post=11918"}],"wp:featuredmedia":[{"embeddable":true,"href":"https:\/\/www.lacavedeslecteurs.com\/index.php\/wp-json\/wp\/v2\/media\/17052"}],"wp:attachment":[{"href":"https:\/\/www.lacavedeslecteurs.com\/index.php\/wp-json\/wp\/v2\/media?parent=11918"}],"wp:term":[{"taxonomy":"product_brand","embeddable":true,"href":"https:\/\/www.lacavedeslecteurs.com\/index.php\/wp-json\/wp\/v2\/product_brand?post=11918"},{"taxonomy":"product_cat","embeddable":true,"href":"https:\/\/www.lacavedeslecteurs.com\/index.php\/wp-json\/wp\/v2\/product_cat?post=11918"},{"taxonomy":"product_tag","embeddable":true,"href":"https:\/\/www.lacavedeslecteurs.com\/index.php\/wp-json\/wp\/v2\/product_tag?post=11918"}],"curies":[{"name":"wp","href":"https:\/\/api.w.org\/{rel}","templated":true}]}}