{"id":11920,"date":"2025-12-31T13:03:06","date_gmt":"2025-12-31T13:03:06","guid":{"rendered":"https:\/\/www.lacavedeslecteurs.com\/index.php\/product\/leeuwenkuil-family-vineyards-chenin-blanc\/"},"modified":"2026-02-13T15:39:56","modified_gmt":"2026-02-13T15:39:56","slug":"leeuwenkuil-family-vineyards-chenin-blanc","status":"publish","type":"product","link":"https:\/\/www.lacavedeslecteurs.com\/index.php\/product\/leeuwenkuil-family-vineyards-chenin-blanc\/","title":{"rendered":"Leeuwenkuil Family Vineyards Chenin Blanc - 2021"},"content":{"rendered":"<p>Cr\u00e9meux et moelleux, le palais offre des notes luxueuses de mandarine, d&rsquo;ananas et de p\u00eache blanche ainsi qu&rsquo;une r\u00e9elle profondeur de texture et une longueur de glyc\u00e9rol merveilleusement polie et \u00e9quilibr\u00e9e en finale.<\/p>\n","protected":false},"excerpt":{"rendered":"<p>Cr\u00e9meux et moelleux, le palais offre des notes luxueuses de mandarine, d&rsquo;ananas et de p\u00eache blanche ainsi qu&rsquo;une r\u00e9elle profondeur de texture et une longueur de glyc\u00e9rol merveilleusement polie et \u00e9quilibr\u00e9e en finale.<\/p>\n","protected":false},"featured_media":17053,"comment_status":"open","ping_status":"closed","template":"","meta":[],"product_brand":[],"product_cat":[41,365,138,56],"product_tag":[],"class_list":{"0":"post-11920","1":"product","2":"type-product","3":"status-publish","4":"has-post-thumbnail","6":"product_cat-blanc","7":"product_cat-categorie","8":"product_cat-couleurs","9":"product_cat-vins-du-monde","11":"first","12":"instock","13":"sale","14":"taxable","15":"shipping-taxable","16":"purchasable","17":"product-type-simple"},"_links":{"self":[{"href":"https:\/\/www.lacavedeslecteurs.com\/index.php\/wp-json\/wp\/v2\/product\/11920","targetHints":{"allow":["GET"]}}],"collection":[{"href":"https:\/\/www.lacavedeslecteurs.com\/index.php\/wp-json\/wp\/v2\/product"}],"about":[{"href":"https:\/\/www.lacavedeslecteurs.com\/index.php\/wp-json\/wp\/v2\/types\/product"}],"replies":[{"embeddable":true,"href":"https:\/\/www.lacavedeslecteurs.com\/index.php\/wp-json\/wp\/v2\/comments?post=11920"}],"wp:featuredmedia":[{"embeddable":true,"href":"https:\/\/www.lacavedeslecteurs.com\/index.php\/wp-json\/wp\/v2\/media\/17053"}],"wp:attachment":[{"href":"https:\/\/www.lacavedeslecteurs.com\/index.php\/wp-json\/wp\/v2\/media?parent=11920"}],"wp:term":[{"taxonomy":"product_brand","embeddable":true,"href":"https:\/\/www.lacavedeslecteurs.com\/index.php\/wp-json\/wp\/v2\/product_brand?post=11920"},{"taxonomy":"product_cat","embeddable":true,"href":"https:\/\/www.lacavedeslecteurs.com\/index.php\/wp-json\/wp\/v2\/product_cat?post=11920"},{"taxonomy":"product_tag","embeddable":true,"href":"https:\/\/www.lacavedeslecteurs.com\/index.php\/wp-json\/wp\/v2\/product_tag?post=11920"}],"curies":[{"name":"wp","href":"https:\/\/api.w.org\/{rel}","templated":true}]}}