{"id":11922,"date":"2025-12-31T13:03:07","date_gmt":"2025-12-31T13:03:07","guid":{"rendered":"https:\/\/www.lacavedeslecteurs.com\/index.php\/product\/la-ginestra-riserva-chianti\/"},"modified":"2026-02-13T15:39:59","modified_gmt":"2026-02-13T15:39:59","slug":"la-ginestra-riserva-chianti","status":"publish","type":"product","link":"https:\/\/www.lacavedeslecteurs.com\/index.php\/product\/la-ginestra-riserva-chianti\/","title":{"rendered":"La Ginestra Riserva Chianti - 2020"},"content":{"rendered":"<p>Produit en bio appr\u00e9ci\u00e9 pour son fruit\u00e9 sinc\u00e8re. Un voyage au c\u0153ur de la Toscane. S\u00e9ducteur dans son attaque. Riche, sur les fruits noirs, avec des notes musqu\u00e9es. \u00c9l\u00e9gant avec des tanins d\u00e9j\u00e0 fondus.<\/p>\n","protected":false},"excerpt":{"rendered":"<p>Produit en bio appr\u00e9ci\u00e9 pour son fruit\u00e9 sinc\u00e8re. Un voyage au c\u0153ur de la Toscane. S\u00e9ducteur dans son attaque. Riche, sur les fruits noirs, avec des notes musqu\u00e9es. \u00c9l\u00e9gant avec des tanins d\u00e9j\u00e0 fondus.<\/p>\n","protected":false},"featured_media":17054,"comment_status":"open","ping_status":"closed","template":"","meta":[],"product_brand":[],"product_cat":[365,138,27,56],"product_tag":[],"class_list":{"0":"post-11922","1":"product","2":"type-product","3":"status-publish","4":"has-post-thumbnail","6":"product_cat-categorie","7":"product_cat-couleurs","8":"product_cat-rouge","9":"product_cat-vins-du-monde","11":"first","12":"instock","13":"sale","14":"taxable","15":"shipping-taxable","16":"purchasable","17":"product-type-simple"},"_links":{"self":[{"href":"https:\/\/www.lacavedeslecteurs.com\/index.php\/wp-json\/wp\/v2\/product\/11922","targetHints":{"allow":["GET"]}}],"collection":[{"href":"https:\/\/www.lacavedeslecteurs.com\/index.php\/wp-json\/wp\/v2\/product"}],"about":[{"href":"https:\/\/www.lacavedeslecteurs.com\/index.php\/wp-json\/wp\/v2\/types\/product"}],"replies":[{"embeddable":true,"href":"https:\/\/www.lacavedeslecteurs.com\/index.php\/wp-json\/wp\/v2\/comments?post=11922"}],"wp:featuredmedia":[{"embeddable":true,"href":"https:\/\/www.lacavedeslecteurs.com\/index.php\/wp-json\/wp\/v2\/media\/17054"}],"wp:attachment":[{"href":"https:\/\/www.lacavedeslecteurs.com\/index.php\/wp-json\/wp\/v2\/media?parent=11922"}],"wp:term":[{"taxonomy":"product_brand","embeddable":true,"href":"https:\/\/www.lacavedeslecteurs.com\/index.php\/wp-json\/wp\/v2\/product_brand?post=11922"},{"taxonomy":"product_cat","embeddable":true,"href":"https:\/\/www.lacavedeslecteurs.com\/index.php\/wp-json\/wp\/v2\/product_cat?post=11922"},{"taxonomy":"product_tag","embeddable":true,"href":"https:\/\/www.lacavedeslecteurs.com\/index.php\/wp-json\/wp\/v2\/product_tag?post=11922"}],"curies":[{"name":"wp","href":"https:\/\/api.w.org\/{rel}","templated":true}]}}