{"id":11924,"date":"2025-12-31T13:03:09","date_gmt":"2025-12-31T13:03:09","guid":{"rendered":"https:\/\/www.lacavedeslecteurs.com\/index.php\/product\/d-o-penedes-cultivare-crianza-by-bodega-masia-vallformosa\/"},"modified":"2026-02-13T15:40:01","modified_gmt":"2026-02-13T15:40:01","slug":"d-o-penedes-cultivare-crianza-by-bodega-masia-vallformosa","status":"publish","type":"product","link":"https:\/\/www.lacavedeslecteurs.com\/index.php\/product\/d-o-penedes-cultivare-crianza-by-bodega-masia-vallformosa\/","title":{"rendered":"D.O PENEDES \u00ab\u00a0Cultivare Crianza \u00a0\u00bb by Bodega Masia Vallformosa - 2019"},"content":{"rendered":"<p>L&rsquo;appellation Pened\u00e8s D.O. est situ\u00e9e en Catalogne, un des plus importante d\u2019Espagne. Avec son  c\u00e9page local Xarel\u00b7lo, ce vin offre une v\u00e9ritable explosion de saveurs. L&rsquo;acidit\u00e9 rafra\u00eechissante donne le ton, \u00e9quilibrant parfaitement la finale. <\/p>\n","protected":false},"excerpt":{"rendered":"<p>L&rsquo;appellation Pened\u00e8s D.O. est situ\u00e9e en Catalogne, un des plus importante d\u2019Espagne. Avec son c\u00e9page local Xarel\u00b7lo, ce vin offre une v\u00e9ritable explosion de saveurs. L&rsquo;acidit\u00e9 rafra\u00eechissante donne le ton, \u00e9quilibrant parfaitement la finale.<\/p>\n","protected":false},"featured_media":17055,"comment_status":"open","ping_status":"closed","template":"","meta":[],"product_brand":[],"product_cat":[41,365,138,56],"product_tag":[],"class_list":{"0":"post-11924","1":"product","2":"type-product","3":"status-publish","4":"has-post-thumbnail","6":"product_cat-blanc","7":"product_cat-categorie","8":"product_cat-couleurs","9":"product_cat-vins-du-monde","11":"first","12":"instock","13":"sale","14":"taxable","15":"shipping-taxable","16":"purchasable","17":"product-type-simple"},"_links":{"self":[{"href":"https:\/\/www.lacavedeslecteurs.com\/index.php\/wp-json\/wp\/v2\/product\/11924","targetHints":{"allow":["GET"]}}],"collection":[{"href":"https:\/\/www.lacavedeslecteurs.com\/index.php\/wp-json\/wp\/v2\/product"}],"about":[{"href":"https:\/\/www.lacavedeslecteurs.com\/index.php\/wp-json\/wp\/v2\/types\/product"}],"replies":[{"embeddable":true,"href":"https:\/\/www.lacavedeslecteurs.com\/index.php\/wp-json\/wp\/v2\/comments?post=11924"}],"wp:featuredmedia":[{"embeddable":true,"href":"https:\/\/www.lacavedeslecteurs.com\/index.php\/wp-json\/wp\/v2\/media\/17055"}],"wp:attachment":[{"href":"https:\/\/www.lacavedeslecteurs.com\/index.php\/wp-json\/wp\/v2\/media?parent=11924"}],"wp:term":[{"taxonomy":"product_brand","embeddable":true,"href":"https:\/\/www.lacavedeslecteurs.com\/index.php\/wp-json\/wp\/v2\/product_brand?post=11924"},{"taxonomy":"product_cat","embeddable":true,"href":"https:\/\/www.lacavedeslecteurs.com\/index.php\/wp-json\/wp\/v2\/product_cat?post=11924"},{"taxonomy":"product_tag","embeddable":true,"href":"https:\/\/www.lacavedeslecteurs.com\/index.php\/wp-json\/wp\/v2\/product_tag?post=11924"}],"curies":[{"name":"wp","href":"https:\/\/api.w.org\/{rel}","templated":true}]}}