{"id":11936,"date":"2025-12-31T13:03:13","date_gmt":"2025-12-31T13:03:13","guid":{"rendered":"https:\/\/www.lacavedeslecteurs.com\/index.php\/product\/red-badenhorst-red-kalmoesfontein\/"},"modified":"2026-02-13T15:40:09","modified_gmt":"2026-02-13T15:40:09","slug":"red-badenhorst-red-kalmoesfontein","status":"publish","type":"product","link":"https:\/\/www.lacavedeslecteurs.com\/index.php\/product\/red-badenhorst-red-kalmoesfontein\/","title":{"rendered":"Red Badenhorst Red Kalmoesfontein - 2020"},"content":{"rendered":"<p>Domaine personnifi\u00e9 par Adi Badenhorst, propri\u00e9taire  au  look \u00ab hipster \u00bb qui \u00e9coute des vinyles au sein m\u00eame de son chai ! Cette cuv\u00e9e parcellaire est issu d&rsquo;une plantation datant  de 1966. Beaucoup  de finesse, finale longue et charnue. Une expression vraiment exceptionnelle du Swartland sud-africain.<\/p>\n","protected":false},"excerpt":{"rendered":"<p>Domaine personnifi\u00e9 par Adi Badenhorst, propri\u00e9taire au look \u00ab hipster \u00bb qui \u00e9coute des vinyles au sein m\u00eame de son chai ! Cette cuv\u00e9e parcellaire est issu d&rsquo;une plantation datant de 1966. Beaucoup de finesse, finale longue et charnue. Une expression vraiment exceptionnelle du Swartland sud-africain.<\/p>\n","protected":false},"featured_media":17061,"comment_status":"open","ping_status":"closed","template":"","meta":[],"product_brand":[],"product_cat":[365,138,27,56],"product_tag":[],"class_list":{"0":"post-11936","1":"product","2":"type-product","3":"status-publish","4":"has-post-thumbnail","6":"product_cat-categorie","7":"product_cat-couleurs","8":"product_cat-rouge","9":"product_cat-vins-du-monde","11":"first","12":"instock","13":"sale","14":"taxable","15":"shipping-taxable","16":"purchasable","17":"product-type-simple"},"_links":{"self":[{"href":"https:\/\/www.lacavedeslecteurs.com\/index.php\/wp-json\/wp\/v2\/product\/11936","targetHints":{"allow":["GET"]}}],"collection":[{"href":"https:\/\/www.lacavedeslecteurs.com\/index.php\/wp-json\/wp\/v2\/product"}],"about":[{"href":"https:\/\/www.lacavedeslecteurs.com\/index.php\/wp-json\/wp\/v2\/types\/product"}],"replies":[{"embeddable":true,"href":"https:\/\/www.lacavedeslecteurs.com\/index.php\/wp-json\/wp\/v2\/comments?post=11936"}],"wp:featuredmedia":[{"embeddable":true,"href":"https:\/\/www.lacavedeslecteurs.com\/index.php\/wp-json\/wp\/v2\/media\/17061"}],"wp:attachment":[{"href":"https:\/\/www.lacavedeslecteurs.com\/index.php\/wp-json\/wp\/v2\/media?parent=11936"}],"wp:term":[{"taxonomy":"product_brand","embeddable":true,"href":"https:\/\/www.lacavedeslecteurs.com\/index.php\/wp-json\/wp\/v2\/product_brand?post=11936"},{"taxonomy":"product_cat","embeddable":true,"href":"https:\/\/www.lacavedeslecteurs.com\/index.php\/wp-json\/wp\/v2\/product_cat?post=11936"},{"taxonomy":"product_tag","embeddable":true,"href":"https:\/\/www.lacavedeslecteurs.com\/index.php\/wp-json\/wp\/v2\/product_tag?post=11936"}],"curies":[{"name":"wp","href":"https:\/\/api.w.org\/{rel}","templated":true}]}}