{"id":11942,"date":"2025-12-31T13:03:14","date_gmt":"2025-12-31T13:03:14","guid":{"rendered":"https:\/\/www.lacavedeslecteurs.com\/index.php\/product\/de-haan-altes-loratge-terra-alta-espagne\/"},"modified":"2026-02-13T15:40:16","modified_gmt":"2026-02-13T15:40:16","slug":"de-haan-altes-loratge-terra-alta-espagne","status":"publish","type":"product","link":"https:\/\/www.lacavedeslecteurs.com\/index.php\/product\/de-haan-altes-loratge-terra-alta-espagne\/","title":{"rendered":"De Haan Altes \u00ab\u00a0L&rsquo;Oratge\u00a0\u00bb Terra Alta Espagne - 2022"},"content":{"rendered":"<p>Un tr\u00e8s joli blanc issu de Catalogne, fruit\u00e9 et \u00e9quilibr\u00e9 \u00e0 partir de Grenache blanc. Un excellent compagnon des ap\u00e9ritifs durant l\u2019\u00e9t\u00e9 !<\/p>\n","protected":false},"excerpt":{"rendered":"<p>Un tr\u00e8s joli blanc issu de Catalogne, fruit\u00e9 et \u00e9quilibr\u00e9 \u00e0 partir de Grenache blanc. Un excellent compagnon des ap\u00e9ritifs durant l\u2019\u00e9t\u00e9 !<\/p>\n","protected":false},"featured_media":17064,"comment_status":"open","ping_status":"closed","template":"","meta":[],"product_brand":[],"product_cat":[41,365,138,56],"product_tag":[],"class_list":{"0":"post-11942","1":"product","2":"type-product","3":"status-publish","4":"has-post-thumbnail","6":"product_cat-blanc","7":"product_cat-categorie","8":"product_cat-couleurs","9":"product_cat-vins-du-monde","11":"first","12":"instock","13":"sale","14":"taxable","15":"shipping-taxable","16":"purchasable","17":"product-type-simple"},"_links":{"self":[{"href":"https:\/\/www.lacavedeslecteurs.com\/index.php\/wp-json\/wp\/v2\/product\/11942","targetHints":{"allow":["GET"]}}],"collection":[{"href":"https:\/\/www.lacavedeslecteurs.com\/index.php\/wp-json\/wp\/v2\/product"}],"about":[{"href":"https:\/\/www.lacavedeslecteurs.com\/index.php\/wp-json\/wp\/v2\/types\/product"}],"replies":[{"embeddable":true,"href":"https:\/\/www.lacavedeslecteurs.com\/index.php\/wp-json\/wp\/v2\/comments?post=11942"}],"wp:featuredmedia":[{"embeddable":true,"href":"https:\/\/www.lacavedeslecteurs.com\/index.php\/wp-json\/wp\/v2\/media\/17064"}],"wp:attachment":[{"href":"https:\/\/www.lacavedeslecteurs.com\/index.php\/wp-json\/wp\/v2\/media?parent=11942"}],"wp:term":[{"taxonomy":"product_brand","embeddable":true,"href":"https:\/\/www.lacavedeslecteurs.com\/index.php\/wp-json\/wp\/v2\/product_brand?post=11942"},{"taxonomy":"product_cat","embeddable":true,"href":"https:\/\/www.lacavedeslecteurs.com\/index.php\/wp-json\/wp\/v2\/product_cat?post=11942"},{"taxonomy":"product_tag","embeddable":true,"href":"https:\/\/www.lacavedeslecteurs.com\/index.php\/wp-json\/wp\/v2\/product_tag?post=11942"}],"curies":[{"name":"wp","href":"https:\/\/api.w.org\/{rel}","templated":true}]}}