{"id":11944,"date":"2025-12-31T13:03:16","date_gmt":"2025-12-31T13:03:16","guid":{"rendered":"https:\/\/www.lacavedeslecteurs.com\/index.php\/product\/pinotage-spioenkop-estate-elgin-wo-afrique-du-sud\/"},"modified":"2026-02-13T15:40:18","modified_gmt":"2026-02-13T15:40:18","slug":"pinotage-spioenkop-estate-elgin-wo-afrique-du-sud","status":"publish","type":"product","link":"https:\/\/www.lacavedeslecteurs.com\/index.php\/product\/pinotage-spioenkop-estate-elgin-wo-afrique-du-sud\/","title":{"rendered":"Pinotage Spioenkop Estate Elgin WO Afrique du Sud - 2020"},"content":{"rendered":"<p>Produite sur des schistes, cette cuv\u00e9e m\u00eale min\u00e9ralit\u00e9 et fruits rouges ainsi qu\u2019une pointe savoureuse et saline. Un des plus grands pinotage d&rsquo;Afrique du Sud.<\/p>\n","protected":false},"excerpt":{"rendered":"<p>Produite sur des schistes, cette cuv\u00e9e m\u00eale min\u00e9ralit\u00e9 et fruits rouges ainsi qu\u2019une pointe savoureuse et saline. Un des plus grands pinotage d&rsquo;Afrique du Sud.<\/p>\n","protected":false},"featured_media":17065,"comment_status":"open","ping_status":"closed","template":"","meta":[],"product_brand":[],"product_cat":[365,138,27,56],"product_tag":[],"class_list":{"0":"post-11944","1":"product","2":"type-product","3":"status-publish","4":"has-post-thumbnail","6":"product_cat-categorie","7":"product_cat-couleurs","8":"product_cat-rouge","9":"product_cat-vins-du-monde","11":"first","12":"instock","13":"sale","14":"taxable","15":"shipping-taxable","16":"purchasable","17":"product-type-simple"},"_links":{"self":[{"href":"https:\/\/www.lacavedeslecteurs.com\/index.php\/wp-json\/wp\/v2\/product\/11944","targetHints":{"allow":["GET"]}}],"collection":[{"href":"https:\/\/www.lacavedeslecteurs.com\/index.php\/wp-json\/wp\/v2\/product"}],"about":[{"href":"https:\/\/www.lacavedeslecteurs.com\/index.php\/wp-json\/wp\/v2\/types\/product"}],"replies":[{"embeddable":true,"href":"https:\/\/www.lacavedeslecteurs.com\/index.php\/wp-json\/wp\/v2\/comments?post=11944"}],"wp:featuredmedia":[{"embeddable":true,"href":"https:\/\/www.lacavedeslecteurs.com\/index.php\/wp-json\/wp\/v2\/media\/17065"}],"wp:attachment":[{"href":"https:\/\/www.lacavedeslecteurs.com\/index.php\/wp-json\/wp\/v2\/media?parent=11944"}],"wp:term":[{"taxonomy":"product_brand","embeddable":true,"href":"https:\/\/www.lacavedeslecteurs.com\/index.php\/wp-json\/wp\/v2\/product_brand?post=11944"},{"taxonomy":"product_cat","embeddable":true,"href":"https:\/\/www.lacavedeslecteurs.com\/index.php\/wp-json\/wp\/v2\/product_cat?post=11944"},{"taxonomy":"product_tag","embeddable":true,"href":"https:\/\/www.lacavedeslecteurs.com\/index.php\/wp-json\/wp\/v2\/product_tag?post=11944"}],"curies":[{"name":"wp","href":"https:\/\/api.w.org\/{rel}","templated":true}]}}