{"id":11950,"date":"2025-12-31T13:03:18","date_gmt":"2025-12-31T13:03:18","guid":{"rendered":"https:\/\/www.lacavedeslecteurs.com\/index.php\/product\/warwick-estate-three-cape-ladies-afrique-du-sud\/"},"modified":"2026-02-13T15:40:24","modified_gmt":"2026-02-13T15:40:24","slug":"warwick-estate-three-cape-ladies-afrique-du-sud","status":"publish","type":"product","link":"https:\/\/www.lacavedeslecteurs.com\/index.php\/product\/warwick-estate-three-cape-ladies-afrique-du-sud\/","title":{"rendered":"Warwick Estate \u00ab\u00a0Three Cape Ladies\u00a0\u00bb Afrique du Sud - 2017"},"content":{"rendered":"<p>Au sein de la r\u00e9gion Stellenbosch, l\u2019\u00e9quivalent de Bordeaux en Afrique du Sud, les meilleurs terroirs se situent au pied du mont Simonsberg. C\u2019est l\u00e0, \u00e0 mi-pente, \u00e0 350 m\u00e8tres d\u2019altitude, que le domaine Warwick se situe. Le domaine jouit d\u2019un climat exceptionnel pour produire de grands vins \u00e0 partir des c\u00e9pages fran\u00e7ais Carbenet Sauvignon, Cabernet Franc, Chenin Blanc et Chardonnay.<\/p>\n","protected":false},"excerpt":{"rendered":"<p>Au sein de la r\u00e9gion Stellenbosch, l\u2019\u00e9quivalent de Bordeaux en Afrique du Sud, les meilleurs terroirs se situent au pied du mont Simonsberg. C\u2019est l\u00e0, \u00e0 mi-pente, \u00e0 350 m\u00e8tres d\u2019altitude, que le domaine Warwick se situe. Le domaine jouit d\u2019un climat exceptionnel pour produire de grands vins \u00e0 partir des c\u00e9pages fran\u00e7ais Carbenet Sauvignon, [&hellip;]<\/p>\n","protected":false},"featured_media":17068,"comment_status":"open","ping_status":"closed","template":"","meta":[],"product_brand":[],"product_cat":[365,138,27,56],"product_tag":[],"class_list":{"0":"post-11950","1":"product","2":"type-product","3":"status-publish","4":"has-post-thumbnail","6":"product_cat-categorie","7":"product_cat-couleurs","8":"product_cat-rouge","9":"product_cat-vins-du-monde","11":"first","12":"instock","13":"sale","14":"taxable","15":"shipping-taxable","16":"purchasable","17":"product-type-simple"},"_links":{"self":[{"href":"https:\/\/www.lacavedeslecteurs.com\/index.php\/wp-json\/wp\/v2\/product\/11950","targetHints":{"allow":["GET"]}}],"collection":[{"href":"https:\/\/www.lacavedeslecteurs.com\/index.php\/wp-json\/wp\/v2\/product"}],"about":[{"href":"https:\/\/www.lacavedeslecteurs.com\/index.php\/wp-json\/wp\/v2\/types\/product"}],"replies":[{"embeddable":true,"href":"https:\/\/www.lacavedeslecteurs.com\/index.php\/wp-json\/wp\/v2\/comments?post=11950"}],"wp:featuredmedia":[{"embeddable":true,"href":"https:\/\/www.lacavedeslecteurs.com\/index.php\/wp-json\/wp\/v2\/media\/17068"}],"wp:attachment":[{"href":"https:\/\/www.lacavedeslecteurs.com\/index.php\/wp-json\/wp\/v2\/media?parent=11950"}],"wp:term":[{"taxonomy":"product_brand","embeddable":true,"href":"https:\/\/www.lacavedeslecteurs.com\/index.php\/wp-json\/wp\/v2\/product_brand?post=11950"},{"taxonomy":"product_cat","embeddable":true,"href":"https:\/\/www.lacavedeslecteurs.com\/index.php\/wp-json\/wp\/v2\/product_cat?post=11950"},{"taxonomy":"product_tag","embeddable":true,"href":"https:\/\/www.lacavedeslecteurs.com\/index.php\/wp-json\/wp\/v2\/product_tag?post=11950"}],"curies":[{"name":"wp","href":"https:\/\/api.w.org\/{rel}","templated":true}]}}