{"id":11952,"date":"2025-12-31T13:03:19","date_gmt":"2025-12-31T13:03:19","guid":{"rendered":"https:\/\/www.lacavedeslecteurs.com\/index.php\/product\/terrazas-de-los-andes-malbec-reserva\/"},"modified":"2026-02-13T15:40:26","modified_gmt":"2026-02-13T15:40:26","slug":"terrazas-de-los-andes-malbec-reserva","status":"publish","type":"product","link":"https:\/\/www.lacavedeslecteurs.com\/index.php\/product\/terrazas-de-los-andes-malbec-reserva\/","title":{"rendered":"Terrazas de Los Andes Malbec reserva - 2018"},"content":{"rendered":"<p>Ce grand vin est le fruit de l\u2019assemblage des raisins de 14 parcelles soigneusement s\u00e9lectionn\u00e9es, issues de trois vignobles exceptionnels et compl\u00e9mentaires de haute altitude. B\u00e9n\u00e9ficiant d\u2019altitude et de sols vari\u00e9s, ces vignobles donnent au produit final une texture, une intensit\u00e9 et une complexit\u00e9 remarquables.<\/p>\n","protected":false},"excerpt":{"rendered":"<p>Ce grand vin est le fruit de l\u2019assemblage des raisins de 14 parcelles soigneusement s\u00e9lectionn\u00e9es, issues de trois vignobles exceptionnels et compl\u00e9mentaires de haute altitude. B\u00e9n\u00e9ficiant d\u2019altitude et de sols vari\u00e9s, ces vignobles donnent au produit final une texture, une intensit\u00e9 et une complexit\u00e9 remarquables.<\/p>\n","protected":false},"featured_media":17069,"comment_status":"open","ping_status":"closed","template":"","meta":[],"product_brand":[],"product_cat":[365,138,27,56],"product_tag":[],"class_list":{"0":"post-11952","1":"product","2":"type-product","3":"status-publish","4":"has-post-thumbnail","6":"product_cat-categorie","7":"product_cat-couleurs","8":"product_cat-rouge","9":"product_cat-vins-du-monde","11":"first","12":"instock","13":"sale","14":"taxable","15":"shipping-taxable","16":"purchasable","17":"product-type-simple"},"_links":{"self":[{"href":"https:\/\/www.lacavedeslecteurs.com\/index.php\/wp-json\/wp\/v2\/product\/11952","targetHints":{"allow":["GET"]}}],"collection":[{"href":"https:\/\/www.lacavedeslecteurs.com\/index.php\/wp-json\/wp\/v2\/product"}],"about":[{"href":"https:\/\/www.lacavedeslecteurs.com\/index.php\/wp-json\/wp\/v2\/types\/product"}],"replies":[{"embeddable":true,"href":"https:\/\/www.lacavedeslecteurs.com\/index.php\/wp-json\/wp\/v2\/comments?post=11952"}],"wp:featuredmedia":[{"embeddable":true,"href":"https:\/\/www.lacavedeslecteurs.com\/index.php\/wp-json\/wp\/v2\/media\/17069"}],"wp:attachment":[{"href":"https:\/\/www.lacavedeslecteurs.com\/index.php\/wp-json\/wp\/v2\/media?parent=11952"}],"wp:term":[{"taxonomy":"product_brand","embeddable":true,"href":"https:\/\/www.lacavedeslecteurs.com\/index.php\/wp-json\/wp\/v2\/product_brand?post=11952"},{"taxonomy":"product_cat","embeddable":true,"href":"https:\/\/www.lacavedeslecteurs.com\/index.php\/wp-json\/wp\/v2\/product_cat?post=11952"},{"taxonomy":"product_tag","embeddable":true,"href":"https:\/\/www.lacavedeslecteurs.com\/index.php\/wp-json\/wp\/v2\/product_tag?post=11952"}],"curies":[{"name":"wp","href":"https:\/\/api.w.org\/{rel}","templated":true}]}}