{"id":11954,"date":"2025-12-31T13:03:21","date_gmt":"2025-12-31T13:03:21","guid":{"rendered":"https:\/\/www.lacavedeslecteurs.com\/index.php\/product\/rioja-villa-tondonia-reserva-espagne\/"},"modified":"2026-02-13T15:40:28","modified_gmt":"2026-02-13T15:40:28","slug":"rioja-villa-tondonia-reserva-espagne","status":"publish","type":"product","link":"https:\/\/www.lacavedeslecteurs.com\/index.php\/product\/rioja-villa-tondonia-reserva-espagne\/","title":{"rendered":"Rioja Villa Tondonia Reserva Espagne - 2009"},"content":{"rendered":"<p>Grand domaine de 150 ha, historique de la Rioja Alta, sous-r\u00e9gion la plus r\u00e9put\u00e9e. Produit \u00e0 partir de des tempranillo, grenache et Gracian, r\u00e9colt\u00e9s uniquement au sein de la propri\u00e9t\u00e9. \u00c9lev\u00e9 pendant 6 ans en barrique. Un style classique !<\/p>\n","protected":false},"excerpt":{"rendered":"<p>Grand domaine de 150 ha, historique de la Rioja Alta, sous-r\u00e9gion la plus r\u00e9put\u00e9e. Produit \u00e0 partir de des tempranillo, grenache et Gracian, r\u00e9colt\u00e9s uniquement au sein de la propri\u00e9t\u00e9. \u00c9lev\u00e9 pendant 6 ans en barrique. Un style classique !<\/p>\n","protected":false},"featured_media":17070,"comment_status":"open","ping_status":"closed","template":"","meta":[],"product_brand":[],"product_cat":[365,138,27,56],"product_tag":[],"class_list":{"0":"post-11954","1":"product","2":"type-product","3":"status-publish","4":"has-post-thumbnail","6":"product_cat-categorie","7":"product_cat-couleurs","8":"product_cat-rouge","9":"product_cat-vins-du-monde","11":"first","12":"instock","13":"sale","14":"taxable","15":"shipping-taxable","16":"purchasable","17":"product-type-simple"},"_links":{"self":[{"href":"https:\/\/www.lacavedeslecteurs.com\/index.php\/wp-json\/wp\/v2\/product\/11954","targetHints":{"allow":["GET"]}}],"collection":[{"href":"https:\/\/www.lacavedeslecteurs.com\/index.php\/wp-json\/wp\/v2\/product"}],"about":[{"href":"https:\/\/www.lacavedeslecteurs.com\/index.php\/wp-json\/wp\/v2\/types\/product"}],"replies":[{"embeddable":true,"href":"https:\/\/www.lacavedeslecteurs.com\/index.php\/wp-json\/wp\/v2\/comments?post=11954"}],"wp:featuredmedia":[{"embeddable":true,"href":"https:\/\/www.lacavedeslecteurs.com\/index.php\/wp-json\/wp\/v2\/media\/17070"}],"wp:attachment":[{"href":"https:\/\/www.lacavedeslecteurs.com\/index.php\/wp-json\/wp\/v2\/media?parent=11954"}],"wp:term":[{"taxonomy":"product_brand","embeddable":true,"href":"https:\/\/www.lacavedeslecteurs.com\/index.php\/wp-json\/wp\/v2\/product_brand?post=11954"},{"taxonomy":"product_cat","embeddable":true,"href":"https:\/\/www.lacavedeslecteurs.com\/index.php\/wp-json\/wp\/v2\/product_cat?post=11954"},{"taxonomy":"product_tag","embeddable":true,"href":"https:\/\/www.lacavedeslecteurs.com\/index.php\/wp-json\/wp\/v2\/product_tag?post=11954"}],"curies":[{"name":"wp","href":"https:\/\/api.w.org\/{rel}","templated":true}]}}