{"id":11958,"date":"2025-12-31T13:03:24","date_gmt":"2025-12-31T13:03:24","guid":{"rendered":"https:\/\/www.lacavedeslecteurs.com\/index.php\/product\/rioja-valenciso-cuvee-premium-espagne\/"},"modified":"2026-02-13T15:40:33","modified_gmt":"2026-02-13T15:40:33","slug":"rioja-valenciso-cuvee-premium-espagne","status":"publish","type":"product","link":"https:\/\/www.lacavedeslecteurs.com\/index.php\/product\/rioja-valenciso-cuvee-premium-espagne\/","title":{"rendered":"Rioja Valenciso cuv\u00e9e Premium Espagne - 2016"},"content":{"rendered":"<p>Adoub\u00e9 par les grands d\u00e9gustateurs (conf\u00e8re les notes ci-dessous.) Un vin qui s&rsquo;\u00e9panouit dans le verre et qui procure un plaisir intense. Gardez-en toujours quelques bouteilles dans votre cave. Une v\u00e9ritable p\u00e9pite de la plus c\u00e9l\u00e8bre r\u00e9gion d\u2019Espagne !<\/p>\n","protected":false},"excerpt":{"rendered":"<p>Adoub\u00e9 par les grands d\u00e9gustateurs (conf\u00e8re les notes ci-dessous.) Un vin qui s&rsquo;\u00e9panouit dans le verre et qui procure un plaisir intense. Gardez-en toujours quelques bouteilles dans votre cave. Une v\u00e9ritable p\u00e9pite de la plus c\u00e9l\u00e8bre r\u00e9gion d\u2019Espagne !<\/p>\n","protected":false},"featured_media":17072,"comment_status":"open","ping_status":"closed","template":"","meta":[],"product_brand":[],"product_cat":[365,138,27,56],"product_tag":[],"class_list":{"0":"post-11958","1":"product","2":"type-product","3":"status-publish","4":"has-post-thumbnail","6":"product_cat-categorie","7":"product_cat-couleurs","8":"product_cat-rouge","9":"product_cat-vins-du-monde","11":"first","12":"instock","13":"sale","14":"taxable","15":"shipping-taxable","16":"purchasable","17":"product-type-simple"},"_links":{"self":[{"href":"https:\/\/www.lacavedeslecteurs.com\/index.php\/wp-json\/wp\/v2\/product\/11958","targetHints":{"allow":["GET"]}}],"collection":[{"href":"https:\/\/www.lacavedeslecteurs.com\/index.php\/wp-json\/wp\/v2\/product"}],"about":[{"href":"https:\/\/www.lacavedeslecteurs.com\/index.php\/wp-json\/wp\/v2\/types\/product"}],"replies":[{"embeddable":true,"href":"https:\/\/www.lacavedeslecteurs.com\/index.php\/wp-json\/wp\/v2\/comments?post=11958"}],"wp:featuredmedia":[{"embeddable":true,"href":"https:\/\/www.lacavedeslecteurs.com\/index.php\/wp-json\/wp\/v2\/media\/17072"}],"wp:attachment":[{"href":"https:\/\/www.lacavedeslecteurs.com\/index.php\/wp-json\/wp\/v2\/media?parent=11958"}],"wp:term":[{"taxonomy":"product_brand","embeddable":true,"href":"https:\/\/www.lacavedeslecteurs.com\/index.php\/wp-json\/wp\/v2\/product_brand?post=11958"},{"taxonomy":"product_cat","embeddable":true,"href":"https:\/\/www.lacavedeslecteurs.com\/index.php\/wp-json\/wp\/v2\/product_cat?post=11958"},{"taxonomy":"product_tag","embeddable":true,"href":"https:\/\/www.lacavedeslecteurs.com\/index.php\/wp-json\/wp\/v2\/product_tag?post=11958"}],"curies":[{"name":"wp","href":"https:\/\/api.w.org\/{rel}","templated":true}]}}