{"id":11962,"date":"2025-12-31T13:03:25","date_gmt":"2025-12-31T13:03:25","guid":{"rendered":"https:\/\/www.lacavedeslecteurs.com\/index.php\/product\/xion-tinto-attis-bodegas-rias-baixas\/"},"modified":"2026-02-13T15:40:38","modified_gmt":"2026-02-13T15:40:38","slug":"xion-tinto-attis-bodegas-rias-baixas","status":"publish","type":"product","link":"https:\/\/www.lacavedeslecteurs.com\/index.php\/product\/xion-tinto-attis-bodegas-rias-baixas\/","title":{"rendered":"Xion Tinto Attis Bodegas Rias Baixas - 2019"},"content":{"rendered":"<p>Cru de tr\u00e8s forte personnalit\u00e9 avec sa grande vivacit\u00e9, sa touche saline qui rappelle l&rsquo;oc\u00e9an qu&rsquo;il surplombe. C&rsquo;est Le grand vin blanc espagnol ! A d\u00e9guster \u00e0 l&rsquo;ap\u00e9ritif ou \u00e0 table, c&rsquo;est toujours une grande \u00e9motion.<\/p>\n","protected":false},"excerpt":{"rendered":"<p>Cru de tr\u00e8s forte personnalit\u00e9 avec sa grande vivacit\u00e9, sa touche saline qui rappelle l&rsquo;oc\u00e9an qu&rsquo;il surplombe. C&rsquo;est Le grand vin blanc espagnol ! A d\u00e9guster \u00e0 l&rsquo;ap\u00e9ritif ou \u00e0 table, c&rsquo;est toujours une grande \u00e9motion.<\/p>\n","protected":false},"featured_media":17074,"comment_status":"open","ping_status":"closed","template":"","meta":[],"product_brand":[],"product_cat":[365,138,27,56],"product_tag":[],"class_list":{"0":"post-11962","1":"product","2":"type-product","3":"status-publish","4":"has-post-thumbnail","6":"product_cat-categorie","7":"product_cat-couleurs","8":"product_cat-rouge","9":"product_cat-vins-du-monde","11":"first","12":"instock","13":"sale","14":"taxable","15":"shipping-taxable","16":"purchasable","17":"product-type-simple"},"_links":{"self":[{"href":"https:\/\/www.lacavedeslecteurs.com\/index.php\/wp-json\/wp\/v2\/product\/11962","targetHints":{"allow":["GET"]}}],"collection":[{"href":"https:\/\/www.lacavedeslecteurs.com\/index.php\/wp-json\/wp\/v2\/product"}],"about":[{"href":"https:\/\/www.lacavedeslecteurs.com\/index.php\/wp-json\/wp\/v2\/types\/product"}],"replies":[{"embeddable":true,"href":"https:\/\/www.lacavedeslecteurs.com\/index.php\/wp-json\/wp\/v2\/comments?post=11962"}],"wp:featuredmedia":[{"embeddable":true,"href":"https:\/\/www.lacavedeslecteurs.com\/index.php\/wp-json\/wp\/v2\/media\/17074"}],"wp:attachment":[{"href":"https:\/\/www.lacavedeslecteurs.com\/index.php\/wp-json\/wp\/v2\/media?parent=11962"}],"wp:term":[{"taxonomy":"product_brand","embeddable":true,"href":"https:\/\/www.lacavedeslecteurs.com\/index.php\/wp-json\/wp\/v2\/product_brand?post=11962"},{"taxonomy":"product_cat","embeddable":true,"href":"https:\/\/www.lacavedeslecteurs.com\/index.php\/wp-json\/wp\/v2\/product_cat?post=11962"},{"taxonomy":"product_tag","embeddable":true,"href":"https:\/\/www.lacavedeslecteurs.com\/index.php\/wp-json\/wp\/v2\/product_tag?post=11962"}],"curies":[{"name":"wp","href":"https:\/\/api.w.org\/{rel}","templated":true}]}}