{"id":11964,"date":"2025-12-31T13:03:26","date_gmt":"2025-12-31T13:03:26","guid":{"rendered":"https:\/\/www.lacavedeslecteurs.com\/index.php\/product\/zantho-autriche-saint-laurent\/"},"modified":"2026-02-13T15:40:40","modified_gmt":"2026-02-13T15:40:40","slug":"zantho-autriche-saint-laurent","status":"publish","type":"product","link":"https:\/\/www.lacavedeslecteurs.com\/index.php\/product\/zantho-autriche-saint-laurent\/","title":{"rendered":"Zantho Autriche &#8211; Saint-Laurent - 2017"},"content":{"rendered":"<p>Ce vin autrichien offre une robe rubis p\u00e2le, tandis que le nez pr\u00e9sente des notes de fruits rouges, de fraise et de cerise ,le tout accompagn\u00e9 d\u2019une pointe florale. Ce vin offre en bouche, une acidit\u00e9 fra\u00eeche qui se combine \u00e0 de tannins souples, le tout dans une longue finale. Un c\u00e9page \u00e0 d\u00e9couvrir<\/p>\n","protected":false},"excerpt":{"rendered":"<p>Ce vin autrichien offre une robe rubis p\u00e2le, tandis que le nez pr\u00e9sente des notes de fruits rouges, de fraise et de cerise ,le tout accompagn\u00e9 d\u2019une pointe florale. Ce vin offre en bouche, une acidit\u00e9 fra\u00eeche qui se combine \u00e0 de tannins souples, le tout dans une longue finale. Un c\u00e9page \u00e0 d\u00e9couvrir<\/p>\n","protected":false},"featured_media":17075,"comment_status":"open","ping_status":"closed","template":"","meta":[],"product_brand":[],"product_cat":[365,138,27,56],"product_tag":[],"class_list":{"0":"post-11964","1":"product","2":"type-product","3":"status-publish","4":"has-post-thumbnail","6":"product_cat-categorie","7":"product_cat-couleurs","8":"product_cat-rouge","9":"product_cat-vins-du-monde","11":"first","12":"instock","13":"sale","14":"taxable","15":"shipping-taxable","16":"purchasable","17":"product-type-simple"},"_links":{"self":[{"href":"https:\/\/www.lacavedeslecteurs.com\/index.php\/wp-json\/wp\/v2\/product\/11964","targetHints":{"allow":["GET"]}}],"collection":[{"href":"https:\/\/www.lacavedeslecteurs.com\/index.php\/wp-json\/wp\/v2\/product"}],"about":[{"href":"https:\/\/www.lacavedeslecteurs.com\/index.php\/wp-json\/wp\/v2\/types\/product"}],"replies":[{"embeddable":true,"href":"https:\/\/www.lacavedeslecteurs.com\/index.php\/wp-json\/wp\/v2\/comments?post=11964"}],"wp:featuredmedia":[{"embeddable":true,"href":"https:\/\/www.lacavedeslecteurs.com\/index.php\/wp-json\/wp\/v2\/media\/17075"}],"wp:attachment":[{"href":"https:\/\/www.lacavedeslecteurs.com\/index.php\/wp-json\/wp\/v2\/media?parent=11964"}],"wp:term":[{"taxonomy":"product_brand","embeddable":true,"href":"https:\/\/www.lacavedeslecteurs.com\/index.php\/wp-json\/wp\/v2\/product_brand?post=11964"},{"taxonomy":"product_cat","embeddable":true,"href":"https:\/\/www.lacavedeslecteurs.com\/index.php\/wp-json\/wp\/v2\/product_cat?post=11964"},{"taxonomy":"product_tag","embeddable":true,"href":"https:\/\/www.lacavedeslecteurs.com\/index.php\/wp-json\/wp\/v2\/product_tag?post=11964"}],"curies":[{"name":"wp","href":"https:\/\/api.w.org\/{rel}","templated":true}]}}