{"id":11970,"date":"2025-12-31T13:03:28","date_gmt":"2025-12-31T13:03:28","guid":{"rendered":"https:\/\/www.lacavedeslecteurs.com\/index.php\/product\/chateau-largentier-2\/"},"modified":"2025-12-31T13:03:29","modified_gmt":"2025-12-31T13:03:29","slug":"chateau-largentier-2","status":"publish","type":"product","link":"https:\/\/www.lacavedeslecteurs.com\/index.php\/product\/chateau-largentier-2\/","title":{"rendered":"Ch\u00e2teau l&rsquo;Argentier - 2017"},"content":{"rendered":"<p>En bouche, ce vin rouge est un vin puissant avec un bel \u00e9quilibre entre l&rsquo;acidit\u00e9 et les tanins. Ce vin s&rsquo;accorde g\u00e9n\u00e9ralement bien avec du boeuf, du veau ou des p\u00e2tes.<\/p>\n","protected":false},"excerpt":{"rendered":"<p>En bouche, ce vin rouge est un vin puissant avec un bel \u00e9quilibre entre l&rsquo;acidit\u00e9 et les tanins. Ce vin s&rsquo;accorde g\u00e9n\u00e9ralement bien avec du boeuf, du veau ou des p\u00e2tes.<\/p>\n","protected":false},"featured_media":11971,"comment_status":"open","ping_status":"closed","template":"","meta":[],"product_brand":[],"product_cat":[365,138,27,54],"product_tag":[],"class_list":{"0":"post-11970","1":"product","2":"type-product","3":"status-publish","4":"has-post-thumbnail","6":"product_cat-categorie","7":"product_cat-couleurs","8":"product_cat-rouge","9":"product_cat-vins-du-sud","11":"first","12":"instock","13":"sale","14":"taxable","15":"shipping-taxable","16":"purchasable","17":"product-type-simple"},"_links":{"self":[{"href":"https:\/\/www.lacavedeslecteurs.com\/index.php\/wp-json\/wp\/v2\/product\/11970","targetHints":{"allow":["GET"]}}],"collection":[{"href":"https:\/\/www.lacavedeslecteurs.com\/index.php\/wp-json\/wp\/v2\/product"}],"about":[{"href":"https:\/\/www.lacavedeslecteurs.com\/index.php\/wp-json\/wp\/v2\/types\/product"}],"replies":[{"embeddable":true,"href":"https:\/\/www.lacavedeslecteurs.com\/index.php\/wp-json\/wp\/v2\/comments?post=11970"}],"wp:featuredmedia":[{"embeddable":true,"href":"https:\/\/www.lacavedeslecteurs.com\/index.php\/wp-json\/wp\/v2\/media\/11971"}],"wp:attachment":[{"href":"https:\/\/www.lacavedeslecteurs.com\/index.php\/wp-json\/wp\/v2\/media?parent=11970"}],"wp:term":[{"taxonomy":"product_brand","embeddable":true,"href":"https:\/\/www.lacavedeslecteurs.com\/index.php\/wp-json\/wp\/v2\/product_brand?post=11970"},{"taxonomy":"product_cat","embeddable":true,"href":"https:\/\/www.lacavedeslecteurs.com\/index.php\/wp-json\/wp\/v2\/product_cat?post=11970"},{"taxonomy":"product_tag","embeddable":true,"href":"https:\/\/www.lacavedeslecteurs.com\/index.php\/wp-json\/wp\/v2\/product_tag?post=11970"}],"curies":[{"name":"wp","href":"https:\/\/api.w.org\/{rel}","templated":true}]}}