{"id":11972,"date":"2025-12-31T13:03:29","date_gmt":"2025-12-31T13:03:29","guid":{"rendered":"https:\/\/www.lacavedeslecteurs.com\/index.php\/product\/domaine-daupilhac-bio\/"},"modified":"2026-02-13T15:41:05","modified_gmt":"2026-02-13T15:41:05","slug":"domaine-daupilhac-bio","status":"publish","type":"product","link":"https:\/\/www.lacavedeslecteurs.com\/index.php\/product\/domaine-daupilhac-bio\/","title":{"rendered":"Domaine d&rsquo;Aupilhac  BIO - 2019"},"content":{"rendered":"<p>Le vignoble de la Maison d\u2019Aupilhac s\u2019\u00e9tend sur 13,5 ha de vignes en coteaux auxquels s\u2019ajoutent 8 ha sur Les Cocali\u00e8res. Le travail \u00e0 la vigne est conduit en biodynamie. Tout est mis en \u0153uvre pour produire quelques-uns des meilleurs vins du Languedoc dans l\u2019appellation Coteaux du Languedoc Montpeyroux. Les vins sont riches, complexes, parfum\u00e9s aux herbes de Provence. Une grande r\u00e9v\u00e9lation !<\/p>\n","protected":false},"excerpt":{"rendered":"<p>Le vignoble de la Maison d\u2019Aupilhac s\u2019\u00e9tend sur 13,5 ha de vignes en coteaux auxquels s\u2019ajoutent 8 ha sur Les Cocali\u00e8res. Le travail \u00e0 la vigne est conduit en biodynamie. Tout est mis en \u0153uvre pour produire quelques-uns des meilleurs vins du Languedoc dans l\u2019appellation Coteaux du Languedoc Montpeyroux. Les vins sont riches, complexes, parfum\u00e9s [&hellip;]<\/p>\n","protected":false},"featured_media":17090,"comment_status":"open","ping_status":"closed","template":"","meta":[],"product_brand":[],"product_cat":[365,138,27,54],"product_tag":[],"class_list":{"0":"post-11972","1":"product","2":"type-product","3":"status-publish","4":"has-post-thumbnail","6":"product_cat-categorie","7":"product_cat-couleurs","8":"product_cat-rouge","9":"product_cat-vins-du-sud","11":"first","12":"instock","13":"sale","14":"taxable","15":"shipping-taxable","16":"purchasable","17":"product-type-simple"},"_links":{"self":[{"href":"https:\/\/www.lacavedeslecteurs.com\/index.php\/wp-json\/wp\/v2\/product\/11972","targetHints":{"allow":["GET"]}}],"collection":[{"href":"https:\/\/www.lacavedeslecteurs.com\/index.php\/wp-json\/wp\/v2\/product"}],"about":[{"href":"https:\/\/www.lacavedeslecteurs.com\/index.php\/wp-json\/wp\/v2\/types\/product"}],"replies":[{"embeddable":true,"href":"https:\/\/www.lacavedeslecteurs.com\/index.php\/wp-json\/wp\/v2\/comments?post=11972"}],"wp:featuredmedia":[{"embeddable":true,"href":"https:\/\/www.lacavedeslecteurs.com\/index.php\/wp-json\/wp\/v2\/media\/17090"}],"wp:attachment":[{"href":"https:\/\/www.lacavedeslecteurs.com\/index.php\/wp-json\/wp\/v2\/media?parent=11972"}],"wp:term":[{"taxonomy":"product_brand","embeddable":true,"href":"https:\/\/www.lacavedeslecteurs.com\/index.php\/wp-json\/wp\/v2\/product_brand?post=11972"},{"taxonomy":"product_cat","embeddable":true,"href":"https:\/\/www.lacavedeslecteurs.com\/index.php\/wp-json\/wp\/v2\/product_cat?post=11972"},{"taxonomy":"product_tag","embeddable":true,"href":"https:\/\/www.lacavedeslecteurs.com\/index.php\/wp-json\/wp\/v2\/product_tag?post=11972"}],"curies":[{"name":"wp","href":"https:\/\/api.w.org\/{rel}","templated":true}]}}