{"id":11976,"date":"2025-12-31T13:03:31","date_gmt":"2025-12-31T13:03:31","guid":{"rendered":"https:\/\/www.lacavedeslecteurs.com\/index.php\/product\/domaine-de-lhortus-bergerie-de-lhortus\/"},"modified":"2026-02-13T15:41:09","modified_gmt":"2026-02-13T15:41:09","slug":"domaine-de-lhortus-bergerie-de-lhortus","status":"publish","type":"product","link":"https:\/\/www.lacavedeslecteurs.com\/index.php\/product\/domaine-de-lhortus-bergerie-de-lhortus\/","title":{"rendered":"Domaine de l&rsquo;Hortus Bergerie de l&rsquo;Hortus - 2022"},"content":{"rendered":"<p>Rouge puissant et intense au nez, sur des notes de fruits noirs m\u00fbrs, de r\u00e9glisse et d&rsquo;\u00e9pices douces. L\u2019attaque est franche, \u00e9quilibr\u00e9e, avec des tanins fondus et une finale \u00e9pic\u00e9e, d\u00e9licatement r\u00e9gliss\u00e9e et menthol\u00e9e\u2026 Un best-seller !<\/p>\n","protected":false},"excerpt":{"rendered":"<p>Rouge puissant et intense au nez, sur des notes de fruits noirs m\u00fbrs, de r\u00e9glisse et d&rsquo;\u00e9pices douces. L\u2019attaque est franche, \u00e9quilibr\u00e9e, avec des tanins fondus et une finale \u00e9pic\u00e9e, d\u00e9licatement r\u00e9gliss\u00e9e et menthol\u00e9e\u2026 Un best-seller !<\/p>\n","protected":false},"featured_media":17092,"comment_status":"open","ping_status":"closed","template":"","meta":[],"product_brand":[],"product_cat":[365,138,27,54],"product_tag":[],"class_list":{"0":"post-11976","1":"product","2":"type-product","3":"status-publish","4":"has-post-thumbnail","6":"product_cat-categorie","7":"product_cat-couleurs","8":"product_cat-rouge","9":"product_cat-vins-du-sud","11":"first","12":"instock","13":"sale","14":"taxable","15":"shipping-taxable","16":"purchasable","17":"product-type-simple"},"_links":{"self":[{"href":"https:\/\/www.lacavedeslecteurs.com\/index.php\/wp-json\/wp\/v2\/product\/11976","targetHints":{"allow":["GET"]}}],"collection":[{"href":"https:\/\/www.lacavedeslecteurs.com\/index.php\/wp-json\/wp\/v2\/product"}],"about":[{"href":"https:\/\/www.lacavedeslecteurs.com\/index.php\/wp-json\/wp\/v2\/types\/product"}],"replies":[{"embeddable":true,"href":"https:\/\/www.lacavedeslecteurs.com\/index.php\/wp-json\/wp\/v2\/comments?post=11976"}],"wp:featuredmedia":[{"embeddable":true,"href":"https:\/\/www.lacavedeslecteurs.com\/index.php\/wp-json\/wp\/v2\/media\/17092"}],"wp:attachment":[{"href":"https:\/\/www.lacavedeslecteurs.com\/index.php\/wp-json\/wp\/v2\/media?parent=11976"}],"wp:term":[{"taxonomy":"product_brand","embeddable":true,"href":"https:\/\/www.lacavedeslecteurs.com\/index.php\/wp-json\/wp\/v2\/product_brand?post=11976"},{"taxonomy":"product_cat","embeddable":true,"href":"https:\/\/www.lacavedeslecteurs.com\/index.php\/wp-json\/wp\/v2\/product_cat?post=11976"},{"taxonomy":"product_tag","embeddable":true,"href":"https:\/\/www.lacavedeslecteurs.com\/index.php\/wp-json\/wp\/v2\/product_tag?post=11976"}],"curies":[{"name":"wp","href":"https:\/\/api.w.org\/{rel}","templated":true}]}}