{"id":11980,"date":"2025-12-31T13:03:32","date_gmt":"2025-12-31T13:03:32","guid":{"rendered":"https:\/\/www.lacavedeslecteurs.com\/index.php\/product\/chateau-de-caraguilhes-les-gourgoules\/"},"modified":"2026-02-13T15:41:14","modified_gmt":"2026-02-13T15:41:14","slug":"chateau-de-caraguilhes-les-gourgoules","status":"publish","type":"product","link":"https:\/\/www.lacavedeslecteurs.com\/index.php\/product\/chateau-de-caraguilhes-les-gourgoules\/","title":{"rendered":"Ch\u00e2teau de Caraguilhes Les Gourgoules - 2019"},"content":{"rendered":"<p>Au nez, plong\u00e9e dans la M\u00e9diterran\u00e9e avec toute la profondeur et la richesse de la Syrah. En bouche, attaque soyeuse avec des notes de poivre, de m\u00fbre et d\u2019olive noire qui laissent place \u00e0 un milieu de bouche charnu. Les tanins lui apportent une tr\u00e8s bonne tenue. <\/p>\n","protected":false},"excerpt":{"rendered":"<p>Au nez, plong\u00e9e dans la M\u00e9diterran\u00e9e avec toute la profondeur et la richesse de la Syrah. En bouche, attaque soyeuse avec des notes de poivre, de m\u00fbre et d\u2019olive noire qui laissent place \u00e0 un milieu de bouche charnu. Les tanins lui apportent une tr\u00e8s bonne tenue.<\/p>\n","protected":false},"featured_media":17094,"comment_status":"open","ping_status":"closed","template":"","meta":[],"product_brand":[],"product_cat":[365,138,27,54],"product_tag":[],"class_list":{"0":"post-11980","1":"product","2":"type-product","3":"status-publish","4":"has-post-thumbnail","6":"product_cat-categorie","7":"product_cat-couleurs","8":"product_cat-rouge","9":"product_cat-vins-du-sud","11":"first","12":"instock","13":"sale","14":"taxable","15":"shipping-taxable","16":"purchasable","17":"product-type-simple"},"_links":{"self":[{"href":"https:\/\/www.lacavedeslecteurs.com\/index.php\/wp-json\/wp\/v2\/product\/11980","targetHints":{"allow":["GET"]}}],"collection":[{"href":"https:\/\/www.lacavedeslecteurs.com\/index.php\/wp-json\/wp\/v2\/product"}],"about":[{"href":"https:\/\/www.lacavedeslecteurs.com\/index.php\/wp-json\/wp\/v2\/types\/product"}],"replies":[{"embeddable":true,"href":"https:\/\/www.lacavedeslecteurs.com\/index.php\/wp-json\/wp\/v2\/comments?post=11980"}],"wp:featuredmedia":[{"embeddable":true,"href":"https:\/\/www.lacavedeslecteurs.com\/index.php\/wp-json\/wp\/v2\/media\/17094"}],"wp:attachment":[{"href":"https:\/\/www.lacavedeslecteurs.com\/index.php\/wp-json\/wp\/v2\/media?parent=11980"}],"wp:term":[{"taxonomy":"product_brand","embeddable":true,"href":"https:\/\/www.lacavedeslecteurs.com\/index.php\/wp-json\/wp\/v2\/product_brand?post=11980"},{"taxonomy":"product_cat","embeddable":true,"href":"https:\/\/www.lacavedeslecteurs.com\/index.php\/wp-json\/wp\/v2\/product_cat?post=11980"},{"taxonomy":"product_tag","embeddable":true,"href":"https:\/\/www.lacavedeslecteurs.com\/index.php\/wp-json\/wp\/v2\/product_tag?post=11980"}],"curies":[{"name":"wp","href":"https:\/\/api.w.org\/{rel}","templated":true}]}}